{"id":3042,"date":"2017-04-14T19:32:14","date_gmt":"2017-04-14T17:32:14","guid":{"rendered":"http:\/\/www.pirenalia.com\/?page_id=3042\/"},"modified":"2017-11-14T11:30:53","modified_gmt":"2017-11-14T10:30:53","slug":"espana-somiedo-asturias","status":"publish","type":"page","link":"https:\/\/www.pirenalia.com\/es\/espana-somiedo-asturias\/","title":{"rendered":"Espa\u00f1a &#8211; Somiedo (Asturias)"},"content":{"rendered":"<p>[vc_row][vc_column width=\u00bb2\/3&#8243;][vc_tta_tabs active_section=\u00bb1&#8243;][vc_tta_section title=\u00bbNatura\u00bb tab_id=\u00bbnatura-somiedo\u00bb][vc_column_text]<\/p>\n<p style=\"text-align: justify;\"><strong>Situado en el norte de la pen\u00ednsula ib\u00e9rica, el parque natural de Somiedo (declarado reserva de la bi\u00f3sfera en 2000) muestra la esencia pura del bosque oce\u00e1nico.<\/strong> Sus lluvias mantienen una humedad constante en unos bosques donde las densas nieblas hacen acto de presencia durante gran parte del a\u00f1o, dando un toque m\u00e1gico a una de las zonas m\u00e1s salvajes del sur de Europa, donde hoy en d\u00eda aun se pueden encontrar en total libertad osos y lobos. La actividad propia del valle ha estado siempre ligada a la naturaleza,\u00a0 donde el hombre ha realizado desde hace d\u00e9cadas\u00a0 las labores de pastoreo y de agricultura, creando as\u00ed un paisaje \u00fanico: la bra\u00f1a, nombre que se le da a los campos de pasto para el ganado durante el verano.\u00a0 Paisajes\u00a0 \u00fanicos que cobran fuerza en todo el valle junto con todo tipo bosques, hayedos, casta\u00f1os, robles, fresnos&#8230;.salpicados por asentamientos rurales, las caba\u00f1as de <em>teito<\/em>, peque\u00f1as construcciones donde se alojaban las familias que sub\u00edan el ganado al monte. El punto culminante del parque es el <em>Corn\u00f3n<\/em> con sus 2.194 metros de altitud.<\/p>\n<p style=\"text-align: justify;\">\u00a0Dentro de los\u00a0 densos bosques del parque,\u00a0 habitan tres de las especies m\u00e1s destacables de la pen\u00ednsula ib\u00e9rica, el escaso urogallo cant\u00e1brico, subespecie aut\u00f3ctona de la cordillera cant\u00e1brica, actualmente en decible total, el lobo ib\u00e9rico, que encuentra entre los bosques y los pastos las zonas ideales para salir de caza y criar, y la joya del parque,\u00a0 el amo y se\u00f1or de los montes de Somiedo: el\u00a0 oso pardo. Una poblaci\u00f3n de m\u00e1s de 300 ejemplares ha logrado superar\u00a0 inclemencias de todo tipo, desde la\u00a0 caza furtiva al aislamiento de poblaciones por diferentes infraestructuras. Hoy en d\u00eda los osos son el centro de atenci\u00f3n del parque ya que con paciencia y silencio se pueden llegar a observar con cierta facilidad.<\/p>\n<p>[\/vc_column_text][\/vc_tta_section][vc_tta_section title=\u00bbCultura \/ Gastronomia\u00bb tab_id=\u00bbcultura-somiedo\u00bb][vc_column_text]<\/p>\n<p style=\"text-align: justify;\">La historia de Somiedo siempre ha estado ligada al campo. La agricultura y\u00a0 el pastoreo han sido y siguen siendo el motor del valle. Las caba\u00f1as de teito, construidas por los pastores que sub\u00edan a pasar el verano con el ganado y un paisaje modelado por siglos de actividad agr\u00edcola y pastoral dan fe de ello\u00a0 Actualmente cabe destaca la calidad de su carne de vacuno. Unos potentes platos como el pote de brezas cocidas con patatas, los callos a la asturiana o el lechazo al horno permiten hacer frente a los inviernos m\u00e1s rigurosos.\u00a0 La caza es abundante: jabal\u00ed, corzo y rebeco figuran en distintos men\u00fas. Los embutidos y los quesos son muy variados (entre estos \u00faltimos cabe destacar el <em>cabrales<\/em>). El arroz con leche y la aut\u00e9ntica cuajada se sirven acompa\u00f1ados de miel de la zona. Los huertos proveen frutas y verduras en abundancia, entre ellas, las famosas <em>fabes<\/em>, base de la c\u00e9lebre <em>fabada asturiana<\/em> y de las <em>fabes con amasueles<\/em>. Todo acompa\u00f1ado con sidra, naturalmente.<\/p>\n<p>[\/vc_column_text][\/vc_tta_section][vc_tta_section title=\u00bbFotos\u00bb tab_id=\u00bbfotos-somiedo\u00bb][vc_images_carousel images=\u00bb1988,2012,2009,2006,2003,2000,2015,1991,1994,1997,1984&#8243; img_size=\u00bbfull\u00bb onclick=\u00bblink_no\u00bb autoplay=\u00bbyes\u00bb][\/vc_tta_section][\/vc_tta_tabs][\/vc_column][vc_column width=\u00bb1\/3&#8243;]<div class=\"title\">\n\t\t\t<div class=\"title__subtitle\">Nuestro viaje en Asturias<\/div>\n\t\t<h3 class=\"title__primary\"><\/h3>\n<\/div>\n<div id=\"swiper1\" class=\"atgrid\">\n\t<div class=\"atgrid__slider\">\n\t\t<div class=\"atgrid__slider__controls\">\n\t\t\t<a class=\"atgrid__slider__prev\" href=\"#\"><i class=\"fa fa-chevron-left\"><\/i><\/a>\n\t\t\t<a class=\"atgrid__slider__next\" href=\"#\"><i class=\"fa fa-chevron-right\"><\/i><\/a>\n\t\t<\/div>\n\n\t\t<div class=\"swiper-container swiper-slider atgrid__slider__container\">\n\t\t\t<div class=\"swiper-wrapper\">\n\t\t\t\t\t\t\t\t\t\t<div class=\"swiper-slide\">\n\t\t\t\t\t<div class=\"atgrid__item\">\n\t\t\t\t\t\t<div class=\"atgrid__item__top\">\n\t\t\t\t\t\t\t<a href=\"https:\/\/www.pirenalia.com\/es\/tours\/oso-pardo-en-asturias-somiedo\/\" class=\"atgrid__item__top__image\"><img width=\"360\" height=\"240\" src=\"https:\/\/www.pirenalia.com\/wp-content\/uploads\/2017\/02\/01-12-360x240.jpg\" class=\"attachment-thumb_tour_listing_small size-thumb_tour_listing_small wp-post-image\" alt=\"\" loading=\"lazy\" srcset=\"https:\/\/www.pirenalia.com\/wp-content\/uploads\/2017\/02\/01-12-360x240.jpg 360w, https:\/\/www.pirenalia.com\/wp-content\/uploads\/2017\/02\/01-12-300x200.jpg 300w, https:\/\/www.pirenalia.com\/wp-content\/uploads\/2017\/02\/01-12-768x512.jpg 768w, https:\/\/www.pirenalia.com\/wp-content\/uploads\/2017\/02\/01-12-531x354.jpg 531w, https:\/\/www.pirenalia.com\/wp-content\/uploads\/2017\/02\/01-12.jpg 800w\" sizes=\"(max-width: 360px) 100vw, 360px\" \/><\/a>\t\t\t\t\t\t\t\t\t\t\t\t\t\t<div class=\"atgrid__item__price\"><a href=\"https:\/\/www.pirenalia.com\/es\/tours\/oso-pardo-en-asturias-somiedo\/\" class=\"atgrid__item__price__button\"><span class=\"woocommerce-Price-amount amount\">990<span class=\"woocommerce-Price-currencySymbol\">&euro;<\/span><\/span><\/a><\/div>\t\t\t\t\t\t\t\t\t\t\t\t\t\t\t\t\t\t\t\t<\/div>\n\n\t\t\t\t\t\t<div class=\"atgrid__item__content\">\n\t\t\t\t\t\t\t<h3 class=\"atgrid__item__title\"><a href=\"https:\/\/www.pirenalia.com\/es\/tours\/oso-pardo-en-asturias-somiedo\/\">Oso pardo en Asturias (Somiedo)<\/a><\/h3>\n\t\t\t\t\t\t\t\t\t\t\t\t\t<div class=\"atgrid__item__description\">del 2 al 6 de septiembre<\/div>\n\t\t\t\t\t\t\t\t\t\t\t\t<\/div>\n\t\t\t\t\t\t<div class=\"item-attributes\">\n\t\t\t\t\t\t\t<div class=\"item-attributes__item\"><div class=\"item-attributes__item__content\"><div class=\"item-attributes__item__content__item\"><i class=\"td-marker-location-1\"><\/i><\/div><div class=\"item-attributes__item__content__item item-attributes__item__content__item--text\"><span>Espa\u00f1a<\/span><\/div><\/div><\/div><div class=\"item-attributes__item\"><div class=\"item-attributes__item__content\"><div class=\"item-attributes__item__content__item\"><i class=\"td-clock-1\"><\/i><\/div><div class=\"item-attributes__item__content__item item-attributes__item__content__item--text\"><span>5 d\u00edas<\/span><\/div><\/div><\/div>\t\t\t\t\t\t<\/div>\n\t\t\t\t\t<\/div>\n\t\t\t\t<\/div>\n\t\t\t\t\t\t<\/div><!-- .swiper-wrapper -->\n\t\t<\/div><!-- .swiper-container -->\n\t<\/div><!-- .atgrid__slider  -->\n<\/div><!-- .atgrid -->\n[\/vc_column][\/vc_row][vc_row][vc_column][\/vc_column][\/vc_row]<\/p>\n","protected":false},"excerpt":{"rendered":"<p>[vc_row][vc_column width=\u00bb2\/3&#8243;][vc_tta_tabs active_section=\u00bb1&#8243;][vc_tta_section title=\u00bbNatura\u00bb tab_id=\u00bbnatura-somiedo\u00bb][vc_column_text] Situado en el norte de la pen\u00ednsula ib\u00e9rica, el parque natural de Somiedo (declarado reserva de la bi\u00f3sfera en 2000) muestra la esencia pura del bosque oce\u00e1nico. Sus lluvias mantienen una humedad constante en unos bosques donde las densas nieblas hacen acto de presencia durante gran parte del a\u00f1o, dando<\/p>\n<div class=\"padding-top text-center\"><a href=\"https:\/\/www.pirenalia.com\/es\/tours\/oso-pardo-en-asturias-somiedo\/\" class=\"atbtn atbtn--medium atbtn--rounded atbtn--transparent\">+ info<i class=\"atbtn__icon atbtn__icon--right fa fa-long-arrow-right\"><\/i><\/a><\/div>\n","protected":false},"author":3,"featured_media":0,"parent":0,"menu_order":0,"comment_status":"closed","ping_status":"closed","template":"","meta":[],"_links":{"self":[{"href":"https:\/\/www.pirenalia.com\/es\/wp-json\/wp\/v2\/pages\/3042"}],"collection":[{"href":"https:\/\/www.pirenalia.com\/es\/wp-json\/wp\/v2\/pages"}],"about":[{"href":"https:\/\/www.pirenalia.com\/es\/wp-json\/wp\/v2\/types\/page"}],"author":[{"embeddable":true,"href":"https:\/\/www.pirenalia.com\/es\/wp-json\/wp\/v2\/users\/3"}],"replies":[{"embeddable":true,"href":"https:\/\/www.pirenalia.com\/es\/wp-json\/wp\/v2\/comments?post=3042"}],"version-history":[{"count":5,"href":"https:\/\/www.pirenalia.com\/es\/wp-json\/wp\/v2\/pages\/3042\/revisions"}],"predecessor-version":[{"id":3146,"href":"https:\/\/www.pirenalia.com\/es\/wp-json\/wp\/v2\/pages\/3042\/revisions\/3146"}],"wp:attachment":[{"href":"https:\/\/www.pirenalia.com\/es\/wp-json\/wp\/v2\/media?parent=3042"}],"curies":[{"name":"wp","href":"https:\/\/api.w.org\/{rel}","templated":true}]}}