{"id":2817,"date":"2017-03-22T13:27:04","date_gmt":"2017-03-22T12:27:04","guid":{"rendered":"http:\/\/pirenalisl.cluster020.hosting.ovh.net\/espagne-monegros\/"},"modified":"2019-01-29T16:11:36","modified_gmt":"2019-01-29T15:11:36","slug":"espana-monegros","status":"publish","type":"page","link":"https:\/\/www.pirenalia.com\/es\/espana-monegros\/","title":{"rendered":"Espa\u00f1a &#8211; Monegros"},"content":{"rendered":"<p>[vc_row][vc_column width=\u00bb2\/3&#8243;][vc_tta_tabs active_section=\u00bb1&#8243;][vc_tta_section title=\u00bbNaturaleza\u00bb tab_id=\u00bbnaturaleza-monegros\u00bb][vc_column_text]<\/p>\n<p style=\"text-align: justify;\"><strong>Las estepas des\u00e9rticas de Monegros albergan una gran biodiversidad europea en un inmenso paisaje africano. Des de la peque\u00f1a alondra ricot\u00ed a la gran avutarda, pasando por las aves africanas que escogen este desierto para nidificar, Monegros es un sitio magnifico para la observaci\u00f3n de fauna esteparia.<\/strong><\/p>\n<p style=\"text-align: justify;\">Con m\u00e1s de 276.000 hect\u00e1reas, los Monegros son la estepa des\u00e9rtica m\u00e1s grande de toda Europa, uno de los lugares donde se puede encontrar una de las cantidades de especies m\u00e1s elevada de todo el continente, m\u00e1s de 5.400\u00a0 diferentes. Un gran n\u00famero de estas son end\u00e9micas de la zona e incluso cada a\u00f1o nuevas especies son descubiertas. La falta de agua y las altas temperaturas son los principales factores a los que se tienen que adaptar para sobrevivir, una fauna y una vegetaci\u00f3n \u00fanicas en el continente. Es por esta raz\u00f3n que los Monegros son conocidos como el \u00ab\u00c1frica de Europa\u00bb.<\/p>\n<p style=\"text-align: justify;\">Sin embargo, sus impresionantes paisajes son en gran parte fruto de la acci\u00f3n humana a lo largo de miles de a\u00f1os. \u00cdberos, Romanos, Visigodos y \u00c1rabes, son las civilizaciones que han poblado y dejado su huella en estas tierras; numerosos yacimientos arqueol\u00f3gicos lo demuestran.<\/p>\n<p style=\"text-align: justify;\">Con un\u00a0 paisaje muy singular, compuesto por un mosaico de estepas des\u00e9rticas, salinas, lagunas, barrancos, colinas y campos de trigo, los pocos \u00e1rboles que podemos encontrar son unas sabinas, creando peque\u00f1os puntos de vida en medio de un autentico desierto.<\/p>\n<p style=\"text-align: justify;\">El rio Ebro, que pasa por en medio del desierto no desaprovecha ni una gota de su preciado l\u00edquido: a trav\u00e9s de sus grietas, distribuye el agua hacia las estepas des\u00e9rticas, creando peque\u00f1as charcas, oasis de agua fresca para ganado y fauna salvaje.\u00a0 Sin embargo, la riqueza de aves en la regi\u00f3n es excepcional: 308 especies de aves durante el a\u00f1o (Kees, Woutersen &amp; Maarteen Platteeuw, 1998), y nidificantes 141 (J.L. Tella y D. Serrano, 1999).<\/p>\n<p style=\"text-align: justify;\">Encontramos en los Monegros aves invernantes del norte de Europa, aves en reproducci\u00f3n, aves de paso entre Europa y \u00c1frica; pero sobretodo, los Monegros son el h\u00e1bitat ideal para especies esteparias. Sin duda, Los Monegros son una regi\u00f3n predilecta para gran diversidad de aves y un para\u00edso para ornit\u00f3logos. La presencia de 5 zonas ZEPA, le dan una destacable importancia.<\/p>\n<p style=\"text-align: justify;\">Podemos destacar entre toda la fauna de la zona, el ave m\u00e1s grande del mundo capaz de volar, la avutarda, y la diminuta alondra ricot\u00ed, que tiene en los Monegros su \u00fanico reducto europeo.<\/p>\n<p>[\/vc_column_text][\/vc_tta_section][vc_tta_section title=\u00bbCultura y gastronom\u00eda\u00bb tab_id=\u00bbcultura-monegros\u00bb][vc_column_text]<\/p>\n<p style=\"text-align: justify;\"><strong>La regi\u00f3n que visitaremos fue poblada por un gran n\u00famero de civilizaciones que nos han dejado todo un s\u00e9quito de vestigios que podemos visitar:<\/strong><\/p>\n<p style=\"text-align: justify;\">&#8211; El poblado ib\u00e9rico de Cabezo de Alcal\u00e1 (550 ac), poblado que a\u00fan conserva sus casas, sus templos, sus termas, sus tumbas y sus v\u00edas de servicio.<\/p>\n<p style=\"text-align: justify;\">&#8211; El yacimiento Romano (44 ac), localizado un cruce de v\u00edas romanas, con viviendas, una necr\u00f3polis y un puerto fluvial.<\/p>\n<p style=\"text-align: justify;\">&#8211; La ciudad\u00a0 de Celsa, fundada por los \u00e1rabes (entre 750 y 800 dc) fruto de su ocupaci\u00f3n en la pen\u00ednsula, poblaci\u00f3n que a\u00fan conserva alguna construcciones de\u00a0 la \u00e9poca, calles, caminos, sistemas de riego&#8230;<\/p>\n<p style=\"text-align: justify;\">&#8211; El monasterio de Rueda, monasterio cisterciense cuya construcci\u00f3n comenz\u00f3 en 1202 y continu\u00f3 hasta el siglo XV. De obligada visita son su\u00a0 claustro y sus dependencias, as\u00ed como el palacio del abad, la granja y su sistema de riego, que tiene una de las ruedas hidr\u00e1ulicas m\u00e1s grandes de toda Europa.<\/p>\n<p style=\"text-align: justify;\">Cabe mencionar tambi\u00e9n que esta regi\u00f3n fue el escenario de una de las partes m\u00e1s tr\u00e1gicas de la historia reciente de Espa\u00f1a, la batalla del Ebro durante la guerra civil (1936-1939): trincheras, fortines, bunkers, pueblos en ruinas&#8230; Entre todos ellos podremos\u00a0 visitar el complejo defensivo en el\u00a0 que luch\u00f3 el escritor brit\u00e1nico George Orwell, o el pueblo destruido de Belchite.<\/p>\n<p style=\"text-align: justify;\">En cuanto a la gastronom\u00eda, el cordero de los Monegros es uno de los productos principales, sino el mas empleado en la cocina: pies de cordero,\u00a0 cordero con salsa de almendras, estofado o al horno, un sinf\u00edn de platos hacen de este producto el m\u00e1s utilizado por la zona. Las aves de corral, la caza y el cerdo son la base de otras muchas recetas que utilizan una gama de productos regionales de excelente calidad como el aceite de oliva, la miel, los quesos y los productos de la huerta.<\/p>\n<p>[\/vc_column_text][\/vc_tta_section][vc_tta_section title=\u00bbFotos\u00bb tab_id=\u00bbfotos-monegros\u00bb][vc_images_carousel images=\u00bb1600,1597,1615,1612,1609,1621,1618,2619,2622,2625,2628,2631,2634&#8243; img_size=\u00bbfull\u00bb onclick=\u00bblink_no\u00bb autoplay=\u00bbyes\u00bb][\/vc_tta_section][\/vc_tta_tabs][\/vc_column][vc_column width=\u00bb1\/3&#8243;]<div class=\"title\">\n\t\t\t<div class=\"title__subtitle\">Nuestro viaje a Monegros<\/div>\n\t\t<h3 class=\"title__primary\"><\/h3>\n<\/div>\n<div id=\"swiper1\" class=\"atgrid\">\n\t<div class=\"atgrid__slider\">\n\t\t<div class=\"atgrid__slider__controls\">\n\t\t\t<a class=\"atgrid__slider__prev\" href=\"#\"><i class=\"fa fa-chevron-left\"><\/i><\/a>\n\t\t\t<a class=\"atgrid__slider__next\" href=\"#\"><i class=\"fa fa-chevron-right\"><\/i><\/a>\n\t\t<\/div>\n\n\t\t<div class=\"swiper-container swiper-slider atgrid__slider__container\">\n\t\t\t<div class=\"swiper-wrapper\">\n\t\t\t\t\t\t\t\t\t\t<div class=\"swiper-slide\">\n\t\t\t\t\t<div class=\"atgrid__item\">\n\t\t\t\t\t\t<div class=\"atgrid__item__top\">\n\t\t\t\t\t\t\t<a href=\"https:\/\/www.pirenalia.com\/es\/tours\/aves-esteparicas-quebrantahuesos-y-buitres\/\" class=\"atgrid__item__top__image\"><img width=\"360\" height=\"240\" src=\"https:\/\/www.pirenalia.com\/wp-content\/uploads\/2017\/02\/01-5-360x240.jpg\" class=\"attachment-thumb_tour_listing_small size-thumb_tour_listing_small wp-post-image\" alt=\"\" loading=\"lazy\" srcset=\"https:\/\/www.pirenalia.com\/wp-content\/uploads\/2017\/02\/01-5-360x240.jpg 360w, https:\/\/www.pirenalia.com\/wp-content\/uploads\/2017\/02\/01-5-300x200.jpg 300w, https:\/\/www.pirenalia.com\/wp-content\/uploads\/2017\/02\/01-5-768x512.jpg 768w, https:\/\/www.pirenalia.com\/wp-content\/uploads\/2017\/02\/01-5-531x354.jpg 531w, https:\/\/www.pirenalia.com\/wp-content\/uploads\/2017\/02\/01-5.jpg 800w\" sizes=\"(max-width: 360px) 100vw, 360px\" \/><\/a>\t\t\t\t\t\t\t\t\t\t\t\t\t\t<div class=\"atgrid__item__price\"><a href=\"https:\/\/www.pirenalia.com\/es\/tours\/aves-esteparicas-quebrantahuesos-y-buitres\/\" class=\"atgrid__item__price__button\"><span class=\"woocommerce-Price-amount amount\">850<span class=\"woocommerce-Price-currencySymbol\">&euro;<\/span><\/span><\/a><\/div>\t\t\t\t\t\t\t\t\t\t\t\t\t\t\t\t\t\t\t\t<\/div>\n\n\t\t\t\t\t\t<div class=\"atgrid__item__content\">\n\t\t\t\t\t\t\t<h3 class=\"atgrid__item__title\"><a href=\"https:\/\/www.pirenalia.com\/es\/tours\/aves-esteparicas-quebrantahuesos-y-buitres\/\">Aves esteparicas<\/a><\/h3>\n\t\t\t\t\t\t\t\t\t\t\t\t\t<div class=\"atgrid__item__description\">Abril<\/div>\n\t\t\t\t\t\t\t\t\t\t\t\t<\/div>\n\t\t\t\t\t\t<div class=\"item-attributes\">\n\t\t\t\t\t\t\t<div class=\"item-attributes__item\"><div class=\"item-attributes__item__content\"><div class=\"item-attributes__item__content__item\"><i class=\"td-marker-location-1\"><\/i><\/div><div class=\"item-attributes__item__content__item item-attributes__item__content__item--text\"><span>Espa\u00f1a<\/span><\/div><\/div><\/div><div class=\"item-attributes__item\"><div class=\"item-attributes__item__content\"><div class=\"item-attributes__item__content__item\"><i class=\"td-clock-1\"><\/i><\/div><div class=\"item-attributes__item__content__item item-attributes__item__content__item--text\"><span>6 d\u00edas<\/span><\/div><\/div><\/div>\t\t\t\t\t\t<\/div>\n\t\t\t\t\t<\/div>\n\t\t\t\t<\/div>\n\t\t\t\t\t\t<\/div><!-- .swiper-wrapper -->\n\t\t<\/div><!-- .swiper-container -->\n\t<\/div><!-- .atgrid__slider  -->\n<\/div><!-- .atgrid -->\n[\/vc_column][\/vc_row][vc_row][vc_column][\/vc_column][\/vc_row]<\/p>\n","protected":false},"excerpt":{"rendered":"<p>[vc_row][vc_column width=\u00bb2\/3&#8243;][vc_tta_tabs active_section=\u00bb1&#8243;][vc_tta_section title=\u00bbNaturaleza\u00bb tab_id=\u00bbnaturaleza-monegros\u00bb][vc_column_text] Las estepas des\u00e9rticas de Monegros albergan una gran biodiversidad europea en un inmenso paisaje africano. Des de la peque\u00f1a alondra ricot\u00ed a la gran avutarda, pasando por las aves africanas que escogen este desierto para nidificar, Monegros es un sitio magnifico para la observaci\u00f3n de fauna esteparia. Con m\u00e1s de<\/p>\n<div class=\"padding-top text-center\"><a href=\"https:\/\/www.pirenalia.com\/es\/tours\/aves-esteparicas-quebrantahuesos-y-buitres\/\" class=\"atbtn atbtn--medium atbtn--rounded atbtn--transparent\">+ info<i class=\"atbtn__icon atbtn__icon--right fa fa-long-arrow-right\"><\/i><\/a><\/div>\n","protected":false},"author":3,"featured_media":0,"parent":0,"menu_order":0,"comment_status":"closed","ping_status":"closed","template":"","meta":[],"_links":{"self":[{"href":"https:\/\/www.pirenalia.com\/es\/wp-json\/wp\/v2\/pages\/2817"}],"collection":[{"href":"https:\/\/www.pirenalia.com\/es\/wp-json\/wp\/v2\/pages"}],"about":[{"href":"https:\/\/www.pirenalia.com\/es\/wp-json\/wp\/v2\/types\/page"}],"author":[{"embeddable":true,"href":"https:\/\/www.pirenalia.com\/es\/wp-json\/wp\/v2\/users\/3"}],"replies":[{"embeddable":true,"href":"https:\/\/www.pirenalia.com\/es\/wp-json\/wp\/v2\/comments?post=2817"}],"version-history":[{"count":3,"href":"https:\/\/www.pirenalia.com\/es\/wp-json\/wp\/v2\/pages\/2817\/revisions"}],"predecessor-version":[{"id":2820,"href":"https:\/\/www.pirenalia.com\/es\/wp-json\/wp\/v2\/pages\/2817\/revisions\/2820"}],"wp:attachment":[{"href":"https:\/\/www.pirenalia.com\/es\/wp-json\/wp\/v2\/media?parent=2817"}],"curies":[{"name":"wp","href":"https:\/\/api.w.org\/{rel}","templated":true}]}}