{"id":2809,"date":"2017-03-22T11:44:32","date_gmt":"2017-03-22T10:44:32","guid":{"rendered":"http:\/\/pirenalisl.cluster020.hosting.ovh.net\/espagne-le-delta-de-lebre\/"},"modified":"2019-01-29T16:10:17","modified_gmt":"2019-01-29T15:10:17","slug":"espana-el-delta-del-ebre","status":"publish","type":"page","link":"https:\/\/www.pirenalia.com\/es\/espana-el-delta-del-ebre\/","title":{"rendered":"Espa\u00f1a &#8211; El delta del Ebre"},"content":{"rendered":"<p>[vc_row][vc_column width=\u00bb2\/3&#8243;][vc_tta_tabs active_section=\u00bb1&#8243;][vc_tta_section title=\u00bbNaturaleza\u00bb tab_id=\u00bbnaturaleza-delta-ebre\u00bb][vc_column_text]<\/p>\n<p style=\"text-align: justify;\"><strong>Miles de aves viven entre la tierra y el mar, en el seno de uno de los deltas m\u00e1s grandes de toda la mediterr\u00e1nea, dunas, salinas y la autentica cultura del arroz no dejan indiferente.<\/strong><\/p>\n<p style=\"text-align: justify;\">Con una extensi\u00f3n de 330 km2, el delta del Ebro se presenta como el tercer delta m\u00e1s extenso de toda el Mediterr\u00e1neo. Verdadera transici\u00f3n entre el cielo, la tierra y el mar, des del punto de vista ecol\u00f3gico, el delta tiene una importancia destacable, por lo que se incluy\u00f3 en marzo de 1993 en la lista RAMSAR, como una de las zonas h\u00famedas con importancia internacional. Algunos de sus espacios son ZEPAS, zona de especial protecci\u00f3n para las aves, protegidas por la directiva de aves europeas o por el mismo Parque natural del Delta del Ebro.<\/p>\n<p style=\"text-align: justify;\">Marjales, playas de dunas, salinas, lagunas, arrozales: un autentico mosaico que origina una biodiversidad \u00fanica. Los canales y los arrozales constituyen el 65% del vasto terreno (el punto m\u00e1s alto del delta se encuentra a 5m por encima del nivel del mar). Las extensiones de cultivo est\u00e1n ligadas a los ciclos anuales del agua: inundar los campos de arroz con agua dulce a principios de abril y sobre el mes de setiembre, a trav\u00e9s del sistema de canales, secar de nuevo los cultivos. Esta alternancia en los campos favorece la proliferaci\u00f3n de animales invertebrados, que tienen una funci\u00f3n\u00a0 muy importante para la alimentaci\u00f3n de diversas aves de todo tipo: la avifauna de la zona est\u00e1 representada por m\u00e1s de 330 especies.<\/p>\n<p style=\"text-align: justify;\">En oto\u00f1o y invierno, el delta puede albergar un gran n\u00famero de aves tanto migrantes del sud como invernantes (el delta acoge el 10% de las aves invernantes de toda la pen\u00ednsula ib\u00e9rica). Muchas especies est\u00e1n presentes durante todo el a\u00f1o: an\u00e1tidas, lim\u00edcolas, aves marinas&#8230;pero es cuando madura el arroz en primavera, que la nidificaci\u00f3n de la aves hace del delta un sitio lleno de vida.<\/p>\n<p style=\"text-align: justify;\">En \u00e9pocas de frio, m\u00e1s de 50.000 aves pueden observarse en el delta del Ebro, entre ellas\u00a0 las\u00a0 m\u00e1s significativas del delta, el flamenco, con una de las colonias m\u00e1s grande de Espa\u00f1a,pero la gaviota de Adouin, con la poblaci\u00f3n de cr\u00eda m\u00e1s grande de todo el Mediterr\u00e1neo.<\/p>\n<p>[\/vc_column_text][\/vc_tta_section][vc_tta_section title=\u00bbCultura y gastronom\u00eda\u00bb tab_id=\u00bbcultura-y-gastronom\u00eda-delta-ebre\u00bb][vc_column_text]<\/p>\n<p style=\"text-align: justify;\">No es hasta mediado del siglo XIX que la cultura del arroz aparece en el delta del Ebro. Antes la econom\u00eda de la regi\u00f3n giraba en torno al ganado, la caza y la pesca. La rica gastronom\u00eda de la regi\u00f3n va muy ligada a la mezcla de estas actividades: el arroz es el elemento principal de numerosos platos, muchas veces acompa\u00f1ado de la anguila, capturada mediante la pesca tradicional en los canales, y una gran variedad de marisco y pescado, recogido en el mismo mar. Los numerosos cultivos ofrecen fruta y verdura todo el a\u00f1o, siendo el mel\u00f3n el m\u00e1s emblem\u00e1tico de la zona.<\/p>\n<p style=\"text-align: justify;\">Centros\u00a0 de interpretaci\u00f3n, un eco museo y las casa del parque natural, nos ofrecen un entorno natural para conocer; a trav\u00e9s de ellos podemos descubrir las actividades tradicionales, e incluso aprender a navegar con las peculiares barcas a trav\u00e9s de los canales. Un gran n\u00famero de restaurantes t\u00edpicos con productos locales y una gran variedad de paellas hacen del delta un lugar gastron\u00f3mico exquisito.<\/p>\n<p>[\/vc_column_text][\/vc_tta_section][vc_tta_section title=\u00bbFotos\u00bb tab_id=\u00bbfotos-delta-ebre\u00bb][vc_images_carousel images=\u00bb2563,1511,1505,1499,1472,1496,1490,1487,2551,1484,1481,2557,1478,1475,2554,2560,2566,2569,2572&#8243; img_size=\u00bbfull\u00bb onclick=\u00bblink_no\u00bb autoplay=\u00bbyes\u00bb][\/vc_tta_section][\/vc_tta_tabs][\/vc_column][vc_column width=\u00bb1\/3&#8243;]<div class=\"title\">\n\t\t\t<div class=\"title__subtitle\">Nuestro viaje en el delta del Ebre<\/div>\n\t\t<h3 class=\"title__primary\"><\/h3>\n<\/div>\n<div id=\"swiper1\" class=\"atgrid\">\n\t<div class=\"atgrid__slider\">\n\t\t<div class=\"atgrid__slider__controls\">\n\t\t\t<a class=\"atgrid__slider__prev\" href=\"#\"><i class=\"fa fa-chevron-left\"><\/i><\/a>\n\t\t\t<a class=\"atgrid__slider__next\" href=\"#\"><i class=\"fa fa-chevron-right\"><\/i><\/a>\n\t\t<\/div>\n\n\t\t<div class=\"swiper-container swiper-slider atgrid__slider__container\">\n\t\t\t<div class=\"swiper-wrapper\">\n\t\t\t\t\t\t\t\t\t\t<div class=\"swiper-slide\">\n\t\t\t\t\t<div class=\"atgrid__item\">\n\t\t\t\t\t\t<div class=\"atgrid__item__top\">\n\t\t\t\t\t\t\t<a href=\"https:\/\/www.pirenalia.com\/es\/tours\/aves-acuaticas-y-migracion-de-las-grullas\/\" class=\"atgrid__item__top__image\"><img width=\"360\" height=\"240\" src=\"https:\/\/www.pirenalia.com\/wp-content\/uploads\/2017\/02\/01-1-360x240.jpg\" class=\"attachment-thumb_tour_listing_small size-thumb_tour_listing_small wp-post-image\" alt=\"\" loading=\"lazy\" srcset=\"https:\/\/www.pirenalia.com\/wp-content\/uploads\/2017\/02\/01-1-360x240.jpg 360w, https:\/\/www.pirenalia.com\/wp-content\/uploads\/2017\/02\/01-1-300x200.jpg 300w, https:\/\/www.pirenalia.com\/wp-content\/uploads\/2017\/02\/01-1-768x512.jpg 768w, https:\/\/www.pirenalia.com\/wp-content\/uploads\/2017\/02\/01-1-531x354.jpg 531w, https:\/\/www.pirenalia.com\/wp-content\/uploads\/2017\/02\/01-1.jpg 800w\" sizes=\"(max-width: 360px) 100vw, 360px\" \/><\/a>\t\t\t\t\t\t\t\t\t\t\t\t\t\t<div class=\"atgrid__item__price\"><a href=\"https:\/\/www.pirenalia.com\/es\/tours\/aves-acuaticas-y-migracion-de-las-grullas\/\" class=\"atgrid__item__price__button\"><span class=\"woocommerce-Price-amount amount\">1280<span class=\"woocommerce-Price-currencySymbol\">&euro;<\/span><\/span><\/a><\/div>\t\t\t\t\t\t\t\t\t\t\t\t\t\t\t\t\t\t\t\t<\/div>\n\n\t\t\t\t\t\t<div class=\"atgrid__item__content\">\n\t\t\t\t\t\t\t<h3 class=\"atgrid__item__title\"><a href=\"https:\/\/www.pirenalia.com\/es\/tours\/aves-acuaticas-y-migracion-de-las-grullas\/\">Aves acuaticas y migracion de las grullas<\/a><\/h3>\n\t\t\t\t\t\t\t\t\t\t\t\t\t<div class=\"atgrid__item__description\">25 de febrero<\/div>\n\t\t\t\t\t\t\t\t\t\t\t\t<\/div>\n\t\t\t\t\t\t<div class=\"item-attributes\">\n\t\t\t\t\t\t\t<div class=\"item-attributes__item\"><div class=\"item-attributes__item__content\"><div class=\"item-attributes__item__content__item\"><i class=\"td-marker-location-1\"><\/i><\/div><div class=\"item-attributes__item__content__item item-attributes__item__content__item--text\"><span>Espa\u00f1a<\/span><\/div><\/div><\/div><div class=\"item-attributes__item\"><div class=\"item-attributes__item__content\"><div class=\"item-attributes__item__content__item\"><i class=\"td-clock-1\"><\/i><\/div><div class=\"item-attributes__item__content__item item-attributes__item__content__item--text\"><span>6 d\u00edas<\/span><\/div><\/div><\/div>\t\t\t\t\t\t<\/div>\n\t\t\t\t\t<\/div>\n\t\t\t\t<\/div>\n\t\t\t\t\t\t<\/div><!-- .swiper-wrapper -->\n\t\t<\/div><!-- .swiper-container -->\n\t<\/div><!-- .atgrid__slider  -->\n<\/div><!-- .atgrid -->\n[\/vc_column][\/vc_row][vc_row][vc_column][\/vc_column][\/vc_row]<\/p>\n","protected":false},"excerpt":{"rendered":"<p>[vc_row][vc_column width=\u00bb2\/3&#8243;][vc_tta_tabs active_section=\u00bb1&#8243;][vc_tta_section title=\u00bbNaturaleza\u00bb tab_id=\u00bbnaturaleza-delta-ebre\u00bb][vc_column_text] Miles de aves viven entre la tierra y el mar, en el seno de uno de los deltas m\u00e1s grandes de toda la mediterr\u00e1nea, dunas, salinas y la autentica cultura del arroz no dejan indiferente. Con una extensi\u00f3n de 330 km2, el delta del Ebro se presenta como el tercer<\/p>\n<div class=\"padding-top text-center\"><a href=\"https:\/\/www.pirenalia.com\/es\/tours\/aves-acuaticas-y-migracion-de-las-grullas\/\" class=\"atbtn atbtn--medium atbtn--rounded atbtn--transparent\">+ info<i class=\"atbtn__icon atbtn__icon--right fa fa-long-arrow-right\"><\/i><\/a><\/div>\n","protected":false},"author":3,"featured_media":0,"parent":0,"menu_order":0,"comment_status":"closed","ping_status":"closed","template":"","meta":[],"_links":{"self":[{"href":"https:\/\/www.pirenalia.com\/es\/wp-json\/wp\/v2\/pages\/2809"}],"collection":[{"href":"https:\/\/www.pirenalia.com\/es\/wp-json\/wp\/v2\/pages"}],"about":[{"href":"https:\/\/www.pirenalia.com\/es\/wp-json\/wp\/v2\/types\/page"}],"author":[{"embeddable":true,"href":"https:\/\/www.pirenalia.com\/es\/wp-json\/wp\/v2\/users\/3"}],"replies":[{"embeddable":true,"href":"https:\/\/www.pirenalia.com\/es\/wp-json\/wp\/v2\/comments?post=2809"}],"version-history":[{"count":6,"href":"https:\/\/www.pirenalia.com\/es\/wp-json\/wp\/v2\/pages\/2809\/revisions"}],"predecessor-version":[{"id":3154,"href":"https:\/\/www.pirenalia.com\/es\/wp-json\/wp\/v2\/pages\/2809\/revisions\/3154"}],"wp:attachment":[{"href":"https:\/\/www.pirenalia.com\/es\/wp-json\/wp\/v2\/media?parent=2809"}],"curies":[{"name":"wp","href":"https:\/\/api.w.org\/{rel}","templated":true}]}}