{"id":2797,"date":"2017-03-17T19:56:02","date_gmt":"2017-03-17T18:56:02","guid":{"rendered":"http:\/\/pirenalisl.cluster020.hosting.ovh.net\/andorre\/"},"modified":"2019-01-29T16:06:56","modified_gmt":"2019-01-29T15:06:56","slug":"andorra","status":"publish","type":"page","link":"https:\/\/www.pirenalia.com\/es\/andorra\/","title":{"rendered":"Andorra"},"content":{"rendered":"<p>[vc_row][vc_column width=\u00bb2\/3&#8243;][vc_tta_tabs active_section=\u00bb1&#8243;][vc_tta_section title=\u00bbNaturaleza\u00bb tab_id=\u00bbNaturaleza-andorra\u00bb][vc_column_text]<\/p>\n<p style=\"text-align: justify;\"><strong>La reputaci\u00f3n de Andorra viene otorgada por el boca a boca de la gente: ciertamente, los centros comerciales y las pistas de esqu\u00ed son un potente reclamo tur\u00edstico. Y si las zonas urbanas pueden a veces aparecer repletas de turistas, 80% de los valles est\u00e1n compuestos por zonas v\u00edrgenes inhabitadas, ideales para el monta\u00f1ero que quiera conocer un pa\u00eds diferente y una fauna abundante.<\/strong><\/p>\n<p style=\"text-align: justify;\">Con una altitud media de 2000 metros, el peque\u00f1o pa\u00eds de los Pirineos alberga unos \u00a170 lagos de alta monta\u00f1a, 100 cimas de m\u00e1s de 2500 metros y 30 refugios de monta\u00f1a!<\/p>\n<p style=\"text-align: justify;\">Los rebecos, los corzos, los muflones son habitantes de pr\u00e1cticamente todo el territorio y frecuentes en todas las reservas de caza de los parques. En cuanto a la fauna ornitol\u00f3gica, Andorra tiene una gran variedad, que se distribuye seg\u00fan la altitud, la exposici\u00f3n y los medios: \u00e1guila real, quebrantahuesos, perdiz nival, mochuelo boreal, roquero rojo,\u00a0 treparriscos, chova piquirroja, chova piquigualda, piquituerto, acentor alpino&#8230; Pero la estrella indiscutible de los bosques de Andorra sigue siendo el urogallo, que presenta en este territorio una de las densidades m\u00e1s altas de los Pirineos.<\/p>\n<p>[\/vc_column_text][\/vc_tta_section][vc_tta_section title=\u00bbCultura y gastronom\u00eda\u00bb tab_id=\u00bbcultura-andorra\u00bb][vc_column_text]<\/p>\n<p style=\"text-align: justify;\">Protegida por unas fronteras trazadas el a\u00f1o 1007, los habitantes de este pa\u00eds geogr\u00e1ficamente aislado, han dependido durante pr\u00e1cticamente toda su historia, de su sistema agr\u00edcola y\u00a0 de pastoreo. Los numerosos vestigios de piedra lo testifican. A pesar de su peque\u00f1o tama\u00f1o, Andorra tiene el valle virgen m\u00e1s largo de los Pirineos: el Valle del Madriu, inscrito como patrimonio de la UNESCO en 2004.\u00a0 Un valle rico en vestigios que demuestran las ocupaci\u00f3n del hombre a lo largo de los a\u00f1os: los <em>orris<\/em> (complejos de estructuras de piedra utilizados para el ganado en verano), las forjas catalanas, las carboneras, las <em>bordas<\/em> (granjas de alta monta\u00f1a para secar la hierba para el ganado), o simples refugios que a lo largo de los senderos y caminos daban cobijo a los contrabandistas que cruzaban a la vecina Espa\u00f1a.<\/p>\n<p style=\"text-align: justify;\">Enclave entre dos culturas gastron\u00f3micas, andorra sigue conservando su cocina tradicional y al mismo tiempo es capaz de modernizar o de fusionar sus platos con los productos de sus vecinos. Pertenecen a la cocina tradicional una gran\u00a0 variedad de platos,y la lista de productos derivados del cerdo es infinita: donja, bringuera, bulls, llangonissa&#8230; La escudella barrejada (sopa tradicional), terneros, cabritos y corderos, potros, alimentados en los pastos de alta monta\u00f1a y con la garant\u00eda de un certificado de calidad, setas y arroz de monta\u00f1a, caza&#8230; pertenecen a la cocina tradicional andorrana. Pero tambi\u00e9n es posible encontrar las mejores recetas\u00a0 de Francia i Espa\u00f1a, sus dos vecinos con gran tradici\u00f3n gastron\u00f3mica.<\/p>\n<p>[\/vc_column_text][\/vc_tta_section][vc_tta_section title=\u00bbFotos\u00bb tab_id=\u00bbFotos-andorra\u00bb][vc_images_carousel images=\u00bb1813,1810,1804,1807,2354,2357,2318,2042,1966,1948,1942,1939,1768&#8243; img_size=\u00bbfull\u00bb onclick=\u00bblink_no\u00bb autoplay=\u00bbyes\u00bb][\/vc_tta_section][vc_tta_section title=\u00bbVideo\u00bb tab_id=\u00bbvideo\u00bb][vc_video link=\u00bbhttps:\/\/www.youtube.com\/watch?v=-wjj6A-2yrE\u00bb][\/vc_tta_section][\/vc_tta_tabs][\/vc_column][vc_column width=\u00bb1\/3&#8243;]<div class=\"title\">\n\t\t\t<div class=\"title__subtitle\">Nuestros viajes en Andorra<\/div>\n\t\t<h3 class=\"title__primary\"><\/h3>\n<\/div>\n<div id=\"swiper1\" class=\"atgrid\">\n\t<div class=\"atgrid__slider\">\n\t\t<div class=\"atgrid__slider__controls\">\n\t\t\t<a class=\"atgrid__slider__prev\" href=\"#\"><i class=\"fa fa-chevron-left\"><\/i><\/a>\n\t\t\t<a class=\"atgrid__slider__next\" href=\"#\"><i class=\"fa fa-chevron-right\"><\/i><\/a>\n\t\t<\/div>\n\n\t\t<div class=\"swiper-container swiper-slider atgrid__slider__container\">\n\t\t\t<div class=\"swiper-wrapper\">\n\t\t\t\t\t\t\t\t\t\t<div class=\"swiper-slide\">\n\t\t\t\t\t<div class=\"atgrid__item\">\n\t\t\t\t\t\t<div class=\"atgrid__item__top\">\n\t\t\t\t\t\t\t<a href=\"https:\/\/www.pirenalia.com\/es\/tours\/grand-tetras-experiencia\/\" class=\"atgrid__item__top__image\"><img width=\"360\" height=\"240\" src=\"https:\/\/www.pirenalia.com\/wp-content\/uploads\/2017\/02\/01-360x240.jpg\" class=\"attachment-thumb_tour_listing_small size-thumb_tour_listing_small wp-post-image\" alt=\"\" loading=\"lazy\" srcset=\"https:\/\/www.pirenalia.com\/wp-content\/uploads\/2017\/02\/01-360x240.jpg 360w, https:\/\/www.pirenalia.com\/wp-content\/uploads\/2017\/02\/01-300x200.jpg 300w, https:\/\/www.pirenalia.com\/wp-content\/uploads\/2017\/02\/01-768x512.jpg 768w, https:\/\/www.pirenalia.com\/wp-content\/uploads\/2017\/02\/01-531x354.jpg 531w, https:\/\/www.pirenalia.com\/wp-content\/uploads\/2017\/02\/01.jpg 800w\" sizes=\"(max-width: 360px) 100vw, 360px\" \/><\/a>\t\t\t\t\t\t\t\t\t\t\t\t\t\t<div class=\"atgrid__item__price\"><a href=\"https:\/\/www.pirenalia.com\/es\/tours\/grand-tetras-experiencia\/\" class=\"atgrid__item__price__button\"><span class=\"woocommerce-Price-amount amount\">290<span class=\"woocommerce-Price-currencySymbol\">&euro;<\/span><\/span><\/a><\/div>\t\t\t\t\t\t\t\t\t\t\t\t\t\t\t\t\t\t\t\t<\/div>\n\n\t\t\t\t\t\t<div class=\"atgrid__item__content\">\n\t\t\t\t\t\t\t<h3 class=\"atgrid__item__title\"><a href=\"https:\/\/www.pirenalia.com\/es\/tours\/grand-tetras-experiencia\/\">Grand Tetras Experiencia<\/a><\/h3>\n\t\t\t\t\t\t\t\t\t\t\t\t\t<div class=\"atgrid__item__description\">entre el 1 de mayo al 31 de mayo<\/div>\n\t\t\t\t\t\t\t\t\t\t\t\t<\/div>\n\t\t\t\t\t\t<div class=\"item-attributes\">\n\t\t\t\t\t\t\t<div class=\"item-attributes__item\"><div class=\"item-attributes__item__content\"><div class=\"item-attributes__item__content__item\"><i class=\"td-marker-location-1\"><\/i><\/div><div class=\"item-attributes__item__content__item item-attributes__item__content__item--text\"><span>Andorra<\/span><\/div><\/div><\/div><div class=\"item-attributes__item\"><div class=\"item-attributes__item__content\"><div class=\"item-attributes__item__content__item\"><i class=\"td-clock-1\"><\/i><\/div><div class=\"item-attributes__item__content__item item-attributes__item__content__item--text\"><span>2 d\u00edas<\/span><\/div><\/div><\/div>\t\t\t\t\t\t<\/div>\n\t\t\t\t\t<\/div>\n\t\t\t\t<\/div>\n\t\t\t\t\t\t\t\t\t\t<div class=\"swiper-slide\">\n\t\t\t\t\t<div class=\"atgrid__item\">\n\t\t\t\t\t\t<div class=\"atgrid__item__top\">\n\t\t\t\t\t\t\t<a href=\"https:\/\/www.pirenalia.com\/es\/tours\/high-mountain-experiencia\/\" class=\"atgrid__item__top__image\"><img width=\"360\" height=\"240\" src=\"https:\/\/www.pirenalia.com\/wp-content\/uploads\/2017\/02\/01-8-360x240.jpg\" class=\"attachment-thumb_tour_listing_small size-thumb_tour_listing_small wp-post-image\" alt=\"\" loading=\"lazy\" srcset=\"https:\/\/www.pirenalia.com\/wp-content\/uploads\/2017\/02\/01-8-360x240.jpg 360w, https:\/\/www.pirenalia.com\/wp-content\/uploads\/2017\/02\/01-8-300x200.jpg 300w, https:\/\/www.pirenalia.com\/wp-content\/uploads\/2017\/02\/01-8-768x512.jpg 768w, https:\/\/www.pirenalia.com\/wp-content\/uploads\/2017\/02\/01-8-531x354.jpg 531w, https:\/\/www.pirenalia.com\/wp-content\/uploads\/2017\/02\/01-8.jpg 800w\" sizes=\"(max-width: 360px) 100vw, 360px\" \/><\/a>\t\t\t\t\t\t\t\t\t\t\t\t\t\t<div class=\"atgrid__item__price\"><a href=\"https:\/\/www.pirenalia.com\/es\/tours\/high-mountain-experiencia\/\" class=\"atgrid__item__price__button\"><span class=\"woocommerce-Price-amount amount\">350<span class=\"woocommerce-Price-currencySymbol\">&euro;<\/span><\/span>&ndash;<span class=\"woocommerce-Price-amount amount\">640<span class=\"woocommerce-Price-currencySymbol\">&euro;<\/span><\/span><\/a><\/div>\t\t\t\t\t\t\t\t\t\t\t\t\t\t\t\t\t\t\t\t<\/div>\n\n\t\t\t\t\t\t<div class=\"atgrid__item__content\">\n\t\t\t\t\t\t\t<h3 class=\"atgrid__item__title\"><a href=\"https:\/\/www.pirenalia.com\/es\/tours\/high-mountain-experiencia\/\">High Mountain Experiencia<\/a><\/h3>\n\t\t\t\t\t\t\t\t\t\t\t\t\t<div class=\"atgrid__item__description\">De junio a\u00a0setiembre<\/div>\n\t\t\t\t\t\t\t\t\t\t\t\t<\/div>\n\t\t\t\t\t\t<div class=\"item-attributes\">\n\t\t\t\t\t\t\t<div class=\"item-attributes__item\"><div class=\"item-attributes__item__content\"><div class=\"item-attributes__item__content__item\"><i class=\"td-marker-location-1\"><\/i><\/div><div class=\"item-attributes__item__content__item item-attributes__item__content__item--text\"><span>Andorra<\/span><\/div><\/div><\/div><div class=\"item-attributes__item\"><div class=\"item-attributes__item__content\"><div class=\"item-attributes__item__content__item\"><i class=\"td-clock-1\"><\/i><\/div><div class=\"item-attributes__item__content__item item-attributes__item__content__item--text\"><span>2 d\u00edas<\/span><\/div><\/div><\/div>\t\t\t\t\t\t<\/div>\n\t\t\t\t\t<\/div>\n\t\t\t\t<\/div>\n\t\t\t\t\t\t\t\t\t\t<div class=\"swiper-slide\">\n\t\t\t\t\t<div class=\"atgrid__item\">\n\t\t\t\t\t\t<div class=\"atgrid__item__top\">\n\t\t\t\t\t\t\t<a href=\"https:\/\/www.pirenalia.com\/es\/tours\/especial-fotografia-aves-miticas-del-pirineo\/\" class=\"atgrid__item__top__image\"><img width=\"360\" height=\"240\" src=\"https:\/\/www.pirenalia.com\/wp-content\/uploads\/2017\/02\/01-7-360x240.jpg\" class=\"attachment-thumb_tour_listing_small size-thumb_tour_listing_small wp-post-image\" alt=\"\" loading=\"lazy\" srcset=\"https:\/\/www.pirenalia.com\/wp-content\/uploads\/2017\/02\/01-7-360x240.jpg 360w, https:\/\/www.pirenalia.com\/wp-content\/uploads\/2017\/02\/01-7-300x200.jpg 300w, https:\/\/www.pirenalia.com\/wp-content\/uploads\/2017\/02\/01-7-768x512.jpg 768w, https:\/\/www.pirenalia.com\/wp-content\/uploads\/2017\/02\/01-7-531x354.jpg 531w, https:\/\/www.pirenalia.com\/wp-content\/uploads\/2017\/02\/01-7.jpg 800w\" sizes=\"(max-width: 360px) 100vw, 360px\" \/><\/a>\t\t\t\t\t\t\t\t\t\t\t\t\t\t<div class=\"atgrid__item__price\"><a href=\"https:\/\/www.pirenalia.com\/es\/tours\/especial-fotografia-aves-miticas-del-pirineo\/\" class=\"atgrid__item__price__button\"><span class=\"woocommerce-Price-amount amount\">1250<span class=\"woocommerce-Price-currencySymbol\">&euro;<\/span><\/span><\/a><\/div>\t\t\t\t\t\t\t\t\t\t\t\t\t\t\t\t\t\t\t\t<\/div>\n\n\t\t\t\t\t\t<div class=\"atgrid__item__content\">\n\t\t\t\t\t\t\t<h3 class=\"atgrid__item__title\"><a href=\"https:\/\/www.pirenalia.com\/es\/tours\/especial-fotografia-aves-miticas-del-pirineo\/\">Especial fotografia: aves miticas del pirineo<\/a><\/h3>\n\t\t\t\t\t\t\t\t\t\t\t\t\t<div class=\"atgrid__item__description\">Mes de mayo<\/div>\n\t\t\t\t\t\t\t\t\t\t\t\t<\/div>\n\t\t\t\t\t\t<div class=\"item-attributes\">\n\t\t\t\t\t\t\t<div class=\"item-attributes__item\"><div class=\"item-attributes__item__content\"><div class=\"item-attributes__item__content__item\"><i class=\"td-marker-location-1\"><\/i><\/div><div class=\"item-attributes__item__content__item item-attributes__item__content__item--text\"><span>Andorra, Espa\u00f1a<\/span><\/div><\/div><\/div><div class=\"item-attributes__item\"><div class=\"item-attributes__item__content\"><div class=\"item-attributes__item__content__item\"><i class=\"td-clock-1\"><\/i><\/div><div class=\"item-attributes__item__content__item item-attributes__item__content__item--text\"><span>6 d\u00edas<\/span><\/div><\/div><\/div>\t\t\t\t\t\t<\/div>\n\t\t\t\t\t<\/div>\n\t\t\t\t<\/div>\n\t\t\t\t\t\t\t\t\t\t<div class=\"swiper-slide\">\n\t\t\t\t\t<div class=\"atgrid__item\">\n\t\t\t\t\t\t<div class=\"atgrid__item__top\">\n\t\t\t\t\t\t\t<a href=\"https:\/\/www.pirenalia.com\/es\/tours\/polar-experiencia\/\" class=\"atgrid__item__top__image\"><img width=\"360\" height=\"240\" src=\"https:\/\/www.pirenalia.com\/wp-content\/uploads\/2017\/02\/01-3-360x240.jpg\" class=\"attachment-thumb_tour_listing_small size-thumb_tour_listing_small wp-post-image\" alt=\"\" loading=\"lazy\" srcset=\"https:\/\/www.pirenalia.com\/wp-content\/uploads\/2017\/02\/01-3-360x240.jpg 360w, https:\/\/www.pirenalia.com\/wp-content\/uploads\/2017\/02\/01-3-300x200.jpg 300w, https:\/\/www.pirenalia.com\/wp-content\/uploads\/2017\/02\/01-3-768x512.jpg 768w, https:\/\/www.pirenalia.com\/wp-content\/uploads\/2017\/02\/01-3-531x354.jpg 531w, https:\/\/www.pirenalia.com\/wp-content\/uploads\/2017\/02\/01-3.jpg 800w\" sizes=\"(max-width: 360px) 100vw, 360px\" \/><\/a>\t\t\t\t\t\t\t\t\t\t\t\t\t\t<div class=\"atgrid__item__price\"><a href=\"https:\/\/www.pirenalia.com\/es\/tours\/polar-experiencia\/\" class=\"atgrid__item__price__button\"><span class=\"woocommerce-Price-amount amount\">400<span class=\"woocommerce-Price-currencySymbol\">&euro;<\/span><\/span><\/a><\/div>\t\t\t\t\t\t\t\t\t\t\t\t\t\t\t\t\t\t\t\t<\/div>\n\n\t\t\t\t\t\t<div class=\"atgrid__item__content\">\n\t\t\t\t\t\t\t<h3 class=\"atgrid__item__title\"><a href=\"https:\/\/www.pirenalia.com\/es\/tours\/polar-experiencia\/\">Polar Experiencia<\/a><\/h3>\n\t\t\t\t\t\t\t\t\t\t\t\t\t<div class=\"atgrid__item__description\">entre el 10 de enero y el 15 de abril<\/div>\n\t\t\t\t\t\t\t\t\t\t\t\t<\/div>\n\t\t\t\t\t\t<div class=\"item-attributes\">\n\t\t\t\t\t\t\t<div class=\"item-attributes__item\"><div class=\"item-attributes__item__content\"><div class=\"item-attributes__item__content__item\"><i class=\"td-marker-location-1\"><\/i><\/div><div class=\"item-attributes__item__content__item item-attributes__item__content__item--text\"><span>Andorra<\/span><\/div><\/div><\/div><div class=\"item-attributes__item\"><div class=\"item-attributes__item__content\"><div class=\"item-attributes__item__content__item\"><i class=\"td-clock-1\"><\/i><\/div><div class=\"item-attributes__item__content__item item-attributes__item__content__item--text\"><span>2 d\u00edas<\/span><\/div><\/div><\/div>\t\t\t\t\t\t<\/div>\n\t\t\t\t\t<\/div>\n\t\t\t\t<\/div>\n\t\t\t\t\t\t\t\t\t\t<div class=\"swiper-slide\">\n\t\t\t\t\t<div class=\"atgrid__item\">\n\t\t\t\t\t\t<div class=\"atgrid__item__top\">\n\t\t\t\t\t\t\t<a href=\"https:\/\/www.pirenalia.com\/es\/tours\/marcha-nordica-y-gastronomia-de-montana\/\" class=\"atgrid__item__top__image\"><img width=\"360\" height=\"240\" src=\"https:\/\/www.pirenalia.com\/wp-content\/uploads\/2017\/02\/01-11-360x240.jpg\" class=\"attachment-thumb_tour_listing_small size-thumb_tour_listing_small wp-post-image\" alt=\"\" loading=\"lazy\" srcset=\"https:\/\/www.pirenalia.com\/wp-content\/uploads\/2017\/02\/01-11-360x240.jpg 360w, https:\/\/www.pirenalia.com\/wp-content\/uploads\/2017\/02\/01-11-300x200.jpg 300w, https:\/\/www.pirenalia.com\/wp-content\/uploads\/2017\/02\/01-11-768x512.jpg 768w, https:\/\/www.pirenalia.com\/wp-content\/uploads\/2017\/02\/01-11-531x354.jpg 531w, https:\/\/www.pirenalia.com\/wp-content\/uploads\/2017\/02\/01-11.jpg 800w\" sizes=\"(max-width: 360px) 100vw, 360px\" \/><\/a>\t\t\t\t\t\t\t\t\t\t\t\t\t\t<div class=\"atgrid__item__price\"><a href=\"https:\/\/www.pirenalia.com\/es\/tours\/marcha-nordica-y-gastronomia-de-montana\/\" class=\"atgrid__item__price__button\"><span class=\"woocommerce-Price-amount amount\">90<span class=\"woocommerce-Price-currencySymbol\">&euro;<\/span><\/span><\/a><\/div>\t\t\t\t\t\t\t\t\t\t\t\t\t\t\t\t\t\t\t\t<\/div>\n\n\t\t\t\t\t\t<div class=\"atgrid__item__content\">\n\t\t\t\t\t\t\t<h3 class=\"atgrid__item__title\"><a href=\"https:\/\/www.pirenalia.com\/es\/tours\/marcha-nordica-y-gastronomia-de-montana\/\">Marcha n\u00f3rdica y gastronomia de monta\u00f1a<\/a><\/h3>\n\t\t\t\t\t\t\t\t\t\t\t\t\t<div class=\"atgrid__item__description\">De Junio\u00a0a Octubre<\/div>\n\t\t\t\t\t\t\t\t\t\t\t\t<\/div>\n\t\t\t\t\t\t<div class=\"item-attributes\">\n\t\t\t\t\t\t\t<div class=\"item-attributes__item\"><div class=\"item-attributes__item__content\"><div class=\"item-attributes__item__content__item\"><i class=\"td-marker-location-1\"><\/i><\/div><div class=\"item-attributes__item__content__item item-attributes__item__content__item--text\"><span>Andorra<\/span><\/div><\/div><\/div><div class=\"item-attributes__item\"><div class=\"item-attributes__item__content\"><div class=\"item-attributes__item__content__item\"><i class=\"td-clock-1\"><\/i><\/div><div class=\"item-attributes__item__content__item item-attributes__item__content__item--text\"><span>1 d\u00eda<\/span><\/div><\/div><\/div>\t\t\t\t\t\t<\/div>\n\t\t\t\t\t<\/div>\n\t\t\t\t<\/div>\n\t\t\t\t\t\t\t\t\t\t<div class=\"swiper-slide\">\n\t\t\t\t\t<div class=\"atgrid__item\">\n\t\t\t\t\t\t<div class=\"atgrid__item__top\">\n\t\t\t\t\t\t\t<a href=\"https:\/\/www.pirenalia.com\/es\/tours\/safari-grandes-mamiferos-pirenaicos\/\" class=\"atgrid__item__top__image\"><img width=\"360\" height=\"240\" src=\"https:\/\/www.pirenalia.com\/wp-content\/uploads\/2017\/03\/01-1-360x240.jpg\" class=\"attachment-thumb_tour_listing_small size-thumb_tour_listing_small wp-post-image\" alt=\"isard andorra\" loading=\"lazy\" srcset=\"https:\/\/www.pirenalia.com\/wp-content\/uploads\/2017\/03\/01-1-360x240.jpg 360w, https:\/\/www.pirenalia.com\/wp-content\/uploads\/2017\/03\/01-1-300x200.jpg 300w, https:\/\/www.pirenalia.com\/wp-content\/uploads\/2017\/03\/01-1-768x512.jpg 768w, https:\/\/www.pirenalia.com\/wp-content\/uploads\/2017\/03\/01-1-531x354.jpg 531w, https:\/\/www.pirenalia.com\/wp-content\/uploads\/2017\/03\/01-1.jpg 800w\" sizes=\"(max-width: 360px) 100vw, 360px\" \/><\/a>\t\t\t\t\t\t\t\t\t\t\t\t\t\t<div class=\"atgrid__item__price\"><a href=\"https:\/\/www.pirenalia.com\/es\/tours\/safari-grandes-mamiferos-pirenaicos\/\" class=\"atgrid__item__price__button\"><span class=\"woocommerce-Price-amount amount\">80<span class=\"woocommerce-Price-currencySymbol\">&euro;<\/span><\/span><\/a><\/div>\t\t\t\t\t\t\t\t\t\t\t\t\t\t\t\t\t\t\t\t<\/div>\n\n\t\t\t\t\t\t<div class=\"atgrid__item__content\">\n\t\t\t\t\t\t\t<h3 class=\"atgrid__item__title\"><a href=\"https:\/\/www.pirenalia.com\/es\/tours\/safari-grandes-mamiferos-pirenaicos\/\">Safari grandes mam\u00edferos pirenaicos<\/a><\/h3>\n\t\t\t\t\t\t\t\t\t\t\t\t\t<div class=\"atgrid__item__description\">De Junio\u00a0a\u00a0Octubre<\/div>\n\t\t\t\t\t\t\t\t\t\t\t\t<\/div>\n\t\t\t\t\t\t<div class=\"item-attributes\">\n\t\t\t\t\t\t\t<div class=\"item-attributes__item\"><div class=\"item-attributes__item__content\"><div class=\"item-attributes__item__content__item\"><i class=\"td-marker-location-1\"><\/i><\/div><div class=\"item-attributes__item__content__item item-attributes__item__content__item--text\"><span>Andorra<\/span><\/div><\/div><\/div><div class=\"item-attributes__item\"><div class=\"item-attributes__item__content\"><div class=\"item-attributes__item__content__item\"><i class=\"td-clock-1\"><\/i><\/div><div class=\"item-attributes__item__content__item item-attributes__item__content__item--text\"><span>1 d\u00eda<\/span><\/div><\/div><\/div>\t\t\t\t\t\t<\/div>\n\t\t\t\t\t<\/div>\n\t\t\t\t<\/div>\n\t\t\t\t\t\t<\/div><!-- .swiper-wrapper -->\n\t\t<\/div><!-- .swiper-container -->\n\t<\/div><!-- .atgrid__slider  -->\n<\/div><!-- .atgrid -->\n[\/vc_column][\/vc_row][vc_row][vc_column][\/vc_column][\/vc_row]<\/p>\n","protected":false},"excerpt":{"rendered":"<p>[vc_row][vc_column width=\u00bb2\/3&#8243;][vc_tta_tabs active_section=\u00bb1&#8243;][vc_tta_section title=\u00bbNaturaleza\u00bb tab_id=\u00bbNaturaleza-andorra\u00bb][vc_column_text] La reputaci\u00f3n de Andorra viene otorgada por el boca a boca de la gente: ciertamente, los centros comerciales y las pistas de esqu\u00ed son un potente reclamo tur\u00edstico. Y si las zonas urbanas pueden a veces aparecer repletas de turistas, 80% de los valles est\u00e1n compuestos por zonas v\u00edrgenes inhabitadas,<\/p>\n<div class=\"padding-top text-center\"><a href=\"https:\/\/www.pirenalia.com\/es\/tours\/safari-grandes-mamiferos-pirenaicos\/\" class=\"atbtn atbtn--medium atbtn--rounded atbtn--transparent\">+ info<i class=\"atbtn__icon atbtn__icon--right fa fa-long-arrow-right\"><\/i><\/a><\/div>\n","protected":false},"author":3,"featured_media":0,"parent":0,"menu_order":0,"comment_status":"closed","ping_status":"closed","template":"","meta":[],"_links":{"self":[{"href":"https:\/\/www.pirenalia.com\/es\/wp-json\/wp\/v2\/pages\/2797"}],"collection":[{"href":"https:\/\/www.pirenalia.com\/es\/wp-json\/wp\/v2\/pages"}],"about":[{"href":"https:\/\/www.pirenalia.com\/es\/wp-json\/wp\/v2\/types\/page"}],"author":[{"embeddable":true,"href":"https:\/\/www.pirenalia.com\/es\/wp-json\/wp\/v2\/users\/3"}],"replies":[{"embeddable":true,"href":"https:\/\/www.pirenalia.com\/es\/wp-json\/wp\/v2\/comments?post=2797"}],"version-history":[{"count":3,"href":"https:\/\/www.pirenalia.com\/es\/wp-json\/wp\/v2\/pages\/2797\/revisions"}],"predecessor-version":[{"id":2800,"href":"https:\/\/www.pirenalia.com\/es\/wp-json\/wp\/v2\/pages\/2797\/revisions\/2800"}],"wp:attachment":[{"href":"https:\/\/www.pirenalia.com\/es\/wp-json\/wp\/v2\/media?parent=2797"}],"curies":[{"name":"wp","href":"https:\/\/api.w.org\/{rel}","templated":true}]}}