{"id":2782,"date":"2017-03-17T19:06:03","date_gmt":"2017-03-17T18:06:03","guid":{"rendered":"http:\/\/pirenalisl.cluster020.hosting.ovh.net\/conditions-de-vente\/"},"modified":"2017-04-01T18:30:38","modified_gmt":"2017-04-01T16:30:38","slug":"terminos-y-condiciones-de-venta","status":"publish","type":"page","link":"https:\/\/www.pirenalia.com\/es\/terminos-y-condiciones-de-venta\/","title":{"rendered":"Terminos y condiciones de venta"},"content":{"rendered":"<p style=\"text-align: justify;\">El \u00abvendedor\u00bb <strong>PIRENALIA<\/strong>, proporciona al \u00abComprador\/Cliente\u00bb un seguido de servicios relacionados con viajes organizados para descubrir el mundo animal y realizar trabajos sobre fauna salvaje.<\/p>\n<p style=\"text-align: justify;\">A menos que se acuerde expresamente por escrito por el vendedor, estos T\u00e9rminos y Condiciones de venta ser\u00e1n aplicables a todos los pedidos realizados por los clientes de los servicios Pirenalia. En estos t\u00e9rminos y condiciones de venta, la compa\u00f1\u00eda <strong>PIRENALIA<\/strong> designada para el reconocimiento del vendedor se le conoce como \u00abVendedor\u00bb y la parte a la que se dirige la venda \u00a0se conoce como \u00abComprador \/ Cliente\u00bb.<\/p>\n<p style=\"text-align: justify;\">1. <strong>ACEPTACI\u00d3N DE LOS T\u00c9RMINOS<\/strong>: la aceptaci\u00f3n del cliente de todos los pedidos\u00a0 del vendedor est\u00e1 sujeta y condicionada a la aceptaci\u00f3n expresa del Cliente de los t\u00e9rminos y condiciones de este acuerdo. Cualquiera de los t\u00e9rminos y condiciones que sean diferentes o a\u00f1adan diferentes contenidos en el presente Acuerdo, no tendr\u00e1n ning\u00fan efecto a menos que se acuerde por escrito por el Vendedor.<\/p>\n<p style=\"text-align: justify;\">2. <strong>PEDIDOS Y PRECIOS<\/strong>: <strong>PIRENALIA<\/strong> se reserva el derecho de aceptar o rechazar cualquier pedido en su totalidad o en parte y por cualquier motivo. El pago del precio acordado para un pedido debe hacerse como m\u00e1s tarde 21 d\u00edas antes de la fecha establecida para el viaje.<\/p>\n<p style=\"text-align: justify;\">Un dep\u00f3sito de 200 \u20ac, no reembolsables, se deber\u00e1 pagar en el momento de hacer la reserva.<\/p>\n<p style=\"text-align: justify;\">A menos que se notifique lo contrario por parte de<strong> PIRENALI<\/strong>A todos los precios de los servicios se especifican en euros, est\u00e1n sujetos a cambios sin previo aviso y no incluyen la entrega y otros cargos aplicables, en su caso.<\/p>\n<p style=\"text-align: justify;\">3. <strong>PAGO<\/strong>: El cliente puede pagar el precio de los servicios de acuerdo con las condiciones de pago especificadas en la factura proporcionada por <strong>PIRENALIA<\/strong>. El vendedor se reserva el derecho de pasar al cliente todos los costes asociados con determinadas formas de pago (por ejemplo, los honorarios mercantiles cargados en los pagos de tarjetas de cr\u00e9dito o transferencias). Los pagos deben realizarse como m\u00e1s tarde 21 d\u00edas antes del comienzo del viaje comprado por los clientes.<\/p>\n<p style=\"text-align: justify;\">4. <strong>RESERVAS<\/strong>: todas las reservas est\u00e1n sujetas a confirmaci\u00f3n hasta la recepci\u00f3n completa de pago por los servicios prestados.<\/p>\n<p style=\"text-align: justify;\">5. <strong>CANCELACIONES Y CAMBIOS<\/strong>: <strong>PIRENALIA<\/strong> se asegurar\u00e1 de que se le notifique de inmediato de cualquier cambio significativo en su viaje (si hay tiempo antes del comienzo de su tour), sin embargo, PIRENALIA no acepta ninguna responsabilidad por cualquier cargo o gastos incurridos que puedan derivarse.<\/p>\n<p style=\"text-align: justify;\">El cliente tendr\u00e1 la opci\u00f3n de aceptar el cambio de los acuerdos, de aceptar una oferta de planes de viaje alternativos ofertados por <strong>PIRENALIA<\/strong>, o cancelar los servicios reservados y recibir cualquier reembolso aplicable. Nosotros no garantizamos\u00a0 que se aplique ning\u00fan reembolso.<\/p>\n<p style=\"text-align: justify;\">No habr\u00e1 reembolsos por cancelaciones\u00a0 a 7 d\u00edas o menos antes del inicio del viaje. El precio de la reserva del viaje no ser\u00e1 reembolsable en caso de cancelaci\u00f3n del viaje debido a circunstancias fuera del control de <strong>PIRENALIA<\/strong>, como las condiciones meteorol\u00f3gicas.<\/p>\n<p style=\"text-align: justify;\">6. <strong>JURISDICCI\u00d3N<\/strong>: Cualquier controversia o reclamaci\u00f3n (incluido pero no limitado a negligencia, mala representaci\u00f3n, responsabilidad estricta o de otra manera) que surja de o est\u00e9 relacionada con este Acuerdo o de su cumplimiento o incumplimiento, estar\u00e1 sujeto a la jurisdicci\u00f3n exclusiva de los Tribunales del Principado de Andorra.<\/p>\n","protected":false},"excerpt":{"rendered":"<p>El \u00abvendedor\u00bb PIRENALIA, proporciona al \u00abComprador\/Cliente\u00bb un seguido de servicios relacionados con viajes organizados para descubrir el mundo animal y realizar trabajos sobre fauna salvaje. A menos que se acuerde expresamente por escrito por el vendedor, estos T\u00e9rminos y Condiciones de venta ser\u00e1n aplicables a todos los pedidos realizados por los clientes de los servicios<\/p>\n<div class=\"padding-top text-center\"><a href=\"https:\/\/www.pirenalia.com\/es\/terminos-y-condiciones-de-venta\/\" class=\"atbtn atbtn--medium atbtn--rounded atbtn--transparent\">+ info<i class=\"atbtn__icon atbtn__icon--right fa fa-long-arrow-right\"><\/i><\/a><\/div>\n","protected":false},"author":3,"featured_media":0,"parent":0,"menu_order":0,"comment_status":"closed","ping_status":"closed","template":"","meta":[],"_links":{"self":[{"href":"https:\/\/www.pirenalia.com\/es\/wp-json\/wp\/v2\/pages\/2782"}],"collection":[{"href":"https:\/\/www.pirenalia.com\/es\/wp-json\/wp\/v2\/pages"}],"about":[{"href":"https:\/\/www.pirenalia.com\/es\/wp-json\/wp\/v2\/types\/page"}],"author":[{"embeddable":true,"href":"https:\/\/www.pirenalia.com\/es\/wp-json\/wp\/v2\/users\/3"}],"replies":[{"embeddable":true,"href":"https:\/\/www.pirenalia.com\/es\/wp-json\/wp\/v2\/comments?post=2782"}],"version-history":[{"count":3,"href":"https:\/\/www.pirenalia.com\/es\/wp-json\/wp\/v2\/pages\/2782\/revisions"}],"predecessor-version":[{"id":2785,"href":"https:\/\/www.pirenalia.com\/es\/wp-json\/wp\/v2\/pages\/2782\/revisions\/2785"}],"wp:attachment":[{"href":"https:\/\/www.pirenalia.com\/es\/wp-json\/wp\/v2\/media?parent=2782"}],"curies":[{"name":"wp","href":"https:\/\/api.w.org\/{rel}","templated":true}]}}