{"id":2774,"date":"2017-03-16T17:40:27","date_gmt":"2017-03-16T16:40:27","guid":{"rendered":"http:\/\/pirenalisl.cluster020.hosting.ovh.net\/lequipe\/"},"modified":"2017-04-05T16:53:14","modified_gmt":"2017-04-05T14:53:14","slug":"equipo","status":"publish","type":"page","link":"https:\/\/www.pirenalia.com\/es\/equipo\/","title":{"rendered":"Equipo"},"content":{"rendered":"<p>[vc_row][vc_column width=\u00bb1\/4&#8243;][vc_single_image image=\u00bb2430&#8243; img_size=\u00bbfull\u00bb add_caption=\u00bbyes\u00bb alignment=\u00bbcenter\u00bb css_animation=\u00bbfadeIn\u00bb][\/vc_column][vc_column width=\u00bb3\/4&#8243;][vc_column_text]<\/p>\n<h3><strong>Marc Mossoll Torres<\/strong><\/h3>\n<p style=\"text-align: justify;\">Biologo (Universit\u00e9 Paul Sabatier de Toulouse), miembro de Grouse Specialist Group de l\u2019IUCN (International Union for Conservation of\u00a0 Nature ).<br \/>\nGuia de monta\u00f1a diplomado.<br \/>\nCon m\u00e1s de 15 a\u00f1os de experiencia en trabajos con los galliformes de monta\u00f1a, el urogallo, la perdiz nival y la perdiz pardilla. Marc ha realizado numerosos trabajos en los Pirineos andorranos, franceses y espa\u00f1oles. Capturas, marcas, seguimiento y censos son algunos de los trabajos que ha realizado con estas aves; tambi\u00e9n ha hecho numerosas intervenciones en campa\u00f1as con otras especies de fauna de alta monta\u00f1a, como el gato mont\u00e9s, gardu\u00f1a, rebecos, muflones, pito negro, mochuelo boreal, quebrantahuesos, \u00e1guila perdicera &#8230; Con su experiencia, guiar\u00e1 a cualquier fot\u00f3grafo o naturalista por la alta monta\u00f1a sin problemas! Sus conocimientos sobre el paisaje, antiguos oficios y su formaci\u00f3n como bot\u00e1nico ser\u00e1n un plus a tener en cuenta durante los tours.<\/p>\n<p>[\/vc_column_text][\/vc_column][\/vc_row][vc_row][vc_column][vc_separator color=\u00bbchino\u00bb][\/vc_column][\/vc_row][vc_row][vc_column width=\u00bb1\/4&#8243;][vc_single_image image=\u00bb2434&#8243; img_size=\u00bbfull\u00bb add_caption=\u00bbyes\u00bb alignment=\u00bbcenter\u00bb css_animation=\u00bbfadeIn\u00bb][\/vc_column][vc_column width=\u00bb3\/4&#8243;][vc_column_text]<\/p>\n<h3><strong>Edgar Madrenys Pallares<\/strong><\/h3>\n<p style=\"text-align: justify;\">T\u00e9cnico en rehabilitaci\u00f3n de fauna salvaje, y manipulaci\u00f3n de animales (Universidad de Granada) A trabajado en centros de rehabilitaci\u00f3n de fauna aut\u00f3ctona. Ha realizado colaboraciones con SEO Birdlife(Sociedad espa\u00f1ola de ornitolog\u00eda ) i ICO (Institut Catal\u00e0 d&#8217;Ornitologia), realizando recuento de nidos, censos y controles de migraci\u00f3n. Fot\u00f3grafo especializado en naturaleza y fauna, Edgar es un gu\u00eda ideal para ense\u00f1ar las aves esteparias y mediterr\u00e1neas. Sus im\u00e1genes\u00a0 le han llevado a ganar premios y realizar numerosos trabajos fotogr\u00e1ficos en varios \u00e1mbitos de la naturaleza.<br \/>\n<a href=\"http:\/\/madrenys.com\" target=\"_blank\"><strong>www.madrenys.com<\/strong><\/a><\/p>\n<p>[\/vc_column_text][\/vc_column][\/vc_row][vc_row][vc_column][vc_separator color=\u00bbchino\u00bb][\/vc_column][\/vc_row][vc_row][vc_column width=\u00bb1\/4&#8243;][vc_single_image image=\u00bb2437&#8243; img_size=\u00bbfull\u00bb add_caption=\u00bbyes\u00bb alignment=\u00bbcenter\u00bb css_animation=\u00bbfadeIn\u00bb][\/vc_column][vc_column width=\u00bb3\/4&#8243;][vc_column_text]<\/p>\n<h3><strong>Juanjo Botell\u00e9 Gabarra<\/strong><\/h3>\n<p style=\"text-align: justify;\">Hombre de acci\u00f3n, Juanjo puede acompa\u00f1aros para practicar numerosas actividades. Gu\u00eda diplomado de monta\u00f1a, gu\u00eda de via ferrata, gu\u00eda de kayak, monitor diplomado de esqu\u00ed: sus prestaciones le permiten acompa\u00f1aros en cualquier temporada del a\u00f1o.<\/p>\n<p>[\/vc_column_text][\/vc_column][\/vc_row][vc_row][vc_column][vc_separator color=\u00bbchino\u00bb][\/vc_column][\/vc_row][vc_row][vc_column width=\u00bb1\/4&#8243;][vc_single_image image=\u00bb2440&#8243; img_size=\u00bbfull\u00bb add_caption=\u00bbyes\u00bb alignment=\u00bbcenter\u00bb css_animation=\u00bbfadeIn\u00bb][\/vc_column][vc_column width=\u00bb3\/4&#8243;][vc_column_text]<\/p>\n<h3><strong>Didier Aleix<br \/>\n<\/strong><\/h3>\n<p>[\/vc_column_text][\/vc_column][\/vc_row][vc_row][vc_column][vc_separator color=\u00bbchino\u00bb][\/vc_column][\/vc_row][vc_row][vc_column width=\u00bb1\/4&#8243;][vc_single_image image=\u00bb2443&#8243; img_size=\u00bbfull\u00bb add_caption=\u00bbyes\u00bb alignment=\u00bbcenter\u00bb css_animation=\u00bbfadeIn\u00bb][\/vc_column][vc_column width=\u00bb3\/4&#8243;][vc_column_text]<\/p>\n<h3><strong>Jordi Tena<br \/>\n<\/strong><\/h3>\n<p style=\"text-align: justify;\">Veterinario (universidad de Zaragoza) Jordi es especialista en etolog\u00eda de animales de monta\u00f1a. Su experiencia viene de lejos, ya que \u00e9l ha sido (y es a\u00fan) el veterinario que m\u00e1s veces ha asesorado a especialistas en campa\u00f1as (como pueden ser capturas de fauna) para las numerosas administraciones gubernamentales. Marmotas, martas, rebecos, muflones, rapaces, corzos y una multitud de aves de todo tipo han pasado por sus manos. Jordi tiene dos pasiones: la ornitolog\u00eda y la fotograf\u00eda. Por lo tanto una salida a pajarear con Jordi, no tiene precio!<\/p>\n<p>[\/vc_column_text][\/vc_column][\/vc_row][vc_row][vc_column][vc_empty_space height=\u00bb52px\u00bb][vc_tta_tour][vc_tta_section i_icon_fontawesome=\u00bbfa fa-tree\u00bb add_icon=\u00bbtrue\u00bb title=\u00bbNuestro concepto\u00bb tab_id=\u00bbconcepto\u00bb][vc_column_text]<\/p>\n<p style=\"text-align: justify;\"><strong>Pirenalia<\/strong> es una empresa dedicada tanto a descubrir el mundo animal como a la investigaci\u00f3n de la fauna salvaje. <strong>Urogallo, perdiz nival, pito negro, mochuelo boreal, rebeco, mufl\u00f3n, quebrantahuesos, cabra ib\u00e9rica y gato mont\u00e9s,<\/strong>\u00a0 son algunas de las especies m\u00e1s emblem\u00e1ticas conocidas y estudiadas por nuestros especialistas.<\/p>\n<p style=\"text-align: justify;\">Ofrecemos salidas organizadas que les llevar\u00e1n a descubrir regiones aun salvajes donde numerosas especies viven a\u00fan en un h\u00e1bitat de calidad.<\/p>\n<p style=\"text-align: justify;\">Los destinos de nuestros viajes est\u00e1n ligados a los cambios de las estaciones: reproducci\u00f3n, hibernadas&#8230;nos basamos en estos par\u00e1metros para garantizar el mayor \u00e9xito y la mayor calidad en nuestras observaciones de aves.<\/p>\n<p style=\"text-align: justify;\"><strong>Si sois ornit\u00f3logos, naturalista o aventureros,<\/strong> no os lo pens\u00e9is, \u00a1nuestros safaris est\u00e1n hechos para vosotros! Nuestros gu\u00edas les llevaran y les explicaran los mejores sitios para observar y fotografiar las especies que les interesen, todo ello en medio de un entorno privilegiado.<\/p>\n<p style=\"text-align: justify;\">Tambi\u00e9n ofrecemos viajes especiales con periodos de\u00a0 2, 3 o 4 d\u00edas, para descubrir un especie en particular: <strong>tours especializados para fot\u00f3grafos. Gran parte de nuestro equipo se dedica tambi\u00e9n al arte de la fotograf\u00eda de naturaleza,<\/strong> con\u00a0 lo que conocemos las exigencias que un fot\u00f3grafo de naturaleza demanda para realizar bien sus fotos.<\/p>\n<p>[\/vc_column_text][\/vc_tta_section][vc_tta_section i_icon_fontawesome=\u00bbfa fa-check-square-o\u00bb add_icon=\u00bbtrue\u00bb title=\u00bbNuestra \u00e9tica\u00bb tab_id=\u00bbetica\u00bb][vc_column_text]<\/p>\n<p style=\"text-align: justify;\">La principal preocupaci\u00f3n del equipo de <strong>Pirenalia<\/strong> es realizar un tour exitoso en todos los sentidos:<\/p>\n<ul style=\"text-align: justify;\">\n<li>Acompa\u00f1amos personalmente a nuestros clientes en todo el viaje.<\/li>\n<li>Trabajamos con grupos reducidos: de 4 a 12 personas. No solo para que nuestros clientes tengan un trato de mayor calidad y m\u00e1s personalizado, sino para garantizar el mayor respeto posible a las especies salvajes.<\/li>\n<li>Hacemos lo que sabemos: ciertamente no es muy amplia la gama de nuestros productos, pero esta especializaci\u00f3n surge de la idea de ser capaz de satisfacer con las m\u00e1ximas garant\u00edas a nuestros clientes.<\/li>\n<\/ul>\n<p style=\"text-align: justify;\">Es evidente que el foco principal de nuestros safaris es la observaci\u00f3n de fauna salvaje, pero tambi\u00e9n es verdad que nosotros no pasamos por alto la parte cultural de la regi\u00f3n que visitamos. La observaci\u00f3n de fauna a menudo va ligada a tiempos de esperas u horarios muy espec\u00edficos de una parte del d\u00eda, con lo que nos sobran unas horas para descubrir el arte, la arquitectura, la historia, la arqueolog\u00eda y la gastronom\u00eda del territorio.<\/p>\n<p style=\"text-align: justify;\">Durante los tours organizados, los alojamientos que les ofrecemos (hoteles, albergues o casas rurales) siguen manteniendo la misma la armon\u00eda y autenticidad que envuelve nuestros viajes. En lo que concierne la gastronom\u00eda, escogemos detenidamente las mesas para que pod\u00e1is disfrutar de la cocina regional t\u00edpica.<\/p>\n<p style=\"text-align: justify;\">Antes de invitaros a descubrir los viajes que les proponemos, hemos de remarcar el hecho que el respeto y la protecci\u00f3n de la naturaleza son para todo los miembros de <strong>Pirenalia<\/strong> una prioridad y una regla de comportamiento. La abundancia de medios y la masificaci\u00f3n son fen\u00f3menos susceptibles de perjudicar la fauna, sus h\u00e1bitats y el entorno en general. Por esta raz\u00f3n, os invitamos a seguirnos en nuestras aventuras con todo el respeto para la conservaci\u00f3n del medio ambiente.<\/p>\n<p>[\/vc_column_text][\/vc_tta_section][\/vc_tta_tour][\/vc_column][\/vc_row]<\/p>\n","protected":false},"excerpt":{"rendered":"<p>[vc_row][vc_column width=\u00bb1\/4&#8243;][vc_single_image image=\u00bb2430&#8243; img_size=\u00bbfull\u00bb add_caption=\u00bbyes\u00bb alignment=\u00bbcenter\u00bb css_animation=\u00bbfadeIn\u00bb][\/vc_column][vc_column width=\u00bb3\/4&#8243;][vc_column_text] Marc Mossoll Torres Biologo (Universit\u00e9 Paul Sabatier de Toulouse), miembro de Grouse Specialist Group de l\u2019IUCN (International Union for Conservation of\u00a0 Nature ). Guia de monta\u00f1a diplomado. Con m\u00e1s de 15 a\u00f1os de experiencia en trabajos con los galliformes de monta\u00f1a, el urogallo, la perdiz nival y<\/p>\n<div class=\"padding-top text-center\"><a href=\"https:\/\/www.pirenalia.com\/es\/equipo\/\" class=\"atbtn atbtn--medium atbtn--rounded atbtn--transparent\">+ info<i class=\"atbtn__icon atbtn__icon--right fa fa-long-arrow-right\"><\/i><\/a><\/div>\n","protected":false},"author":3,"featured_media":0,"parent":0,"menu_order":0,"comment_status":"closed","ping_status":"closed","template":"","meta":[],"_links":{"self":[{"href":"https:\/\/www.pirenalia.com\/es\/wp-json\/wp\/v2\/pages\/2774"}],"collection":[{"href":"https:\/\/www.pirenalia.com\/es\/wp-json\/wp\/v2\/pages"}],"about":[{"href":"https:\/\/www.pirenalia.com\/es\/wp-json\/wp\/v2\/types\/page"}],"author":[{"embeddable":true,"href":"https:\/\/www.pirenalia.com\/es\/wp-json\/wp\/v2\/users\/3"}],"replies":[{"embeddable":true,"href":"https:\/\/www.pirenalia.com\/es\/wp-json\/wp\/v2\/comments?post=2774"}],"version-history":[{"count":3,"href":"https:\/\/www.pirenalia.com\/es\/wp-json\/wp\/v2\/pages\/2774\/revisions"}],"predecessor-version":[{"id":2871,"href":"https:\/\/www.pirenalia.com\/es\/wp-json\/wp\/v2\/pages\/2774\/revisions\/2871"}],"wp:attachment":[{"href":"https:\/\/www.pirenalia.com\/es\/wp-json\/wp\/v2\/media?parent=2774"}],"curies":[{"name":"wp","href":"https:\/\/api.w.org\/{rel}","templated":true}]}}