{"id":150,"date":"2015-07-23T10:30:07","date_gmt":"2015-07-23T08:30:07","guid":{"rendered":"http:\/\/adventure-tours.themedelight.com\/?page_id=150"},"modified":"2020-02-04T13:11:47","modified_gmt":"2020-02-04T12:11:47","slug":"home","status":"publish","type":"page","link":"https:\/\/www.pirenalia.com\/es\/","title":{"rendered":"Inicio"},"content":{"rendered":"<p>[vc_row][vc_column]<div style=\"margin-top: -170px;\">\n<div class=\"form-block form-block--horizontal form-block--light-style form-block--with-border\">\n\t\t<form method=\"get\" class=\"form-block__form\" action=\"https:\/\/www.pirenalia.com\/es\/\">\n\t\t<input type=\"hidden\" name=\"toursearch\" value=\"1\"\/>\n\t\t\t<input type=\"hidden\" name=\"lang\" value=\"es\"\/>\n\t\n\t\t<div class=\"row\">\n\t\t<div class=\"col-sm-3\"><div class=\"form-block__item form-block__field-width-icon\"><input type=\"text\" placeholder=\"Buscar por palabra clave\" value=\"\" name=\"s\"\/><i class=\"td-search-1\"><\/i><\/div><\/div><div class=\"col-sm-3\"><div class=\"form-block__item form-block__field-width-icon\"><select  name='tourtax[tour_category]' id='tourtax[tour_category]' class='selectpicker'>\n\t<option value=''>Tipos<\/option>\n\t<option class=\"level-0\" value=\"andorra-es\">Andorra&nbsp;&nbsp;(6)<\/option>\n\t<option class=\"level-0\" value=\"espana\">Espa\u00f1a&nbsp;&nbsp;(5)<\/option>\n\t<option class=\"level-0\" value=\"estonia-es\">Estonia&nbsp;&nbsp;(2)<\/option>\n\t<option class=\"level-0\" value=\"temas\">Temas&nbsp;&nbsp;(12)<\/option>\n\t<option class=\"level-1\" value=\"1dia\">&nbsp;&nbsp;&nbsp;1 d\u00eda&nbsp;&nbsp;(2)<\/option>\n\t<option class=\"level-1\" value=\"hides-es\">&nbsp;&nbsp;&nbsp;Hides&nbsp;&nbsp;(4)<\/option>\n\t<option class=\"level-1\" value=\"vivac\">&nbsp;&nbsp;&nbsp;Vivac&nbsp;&nbsp;(5)<\/option>\n\t<option class=\"level-1\" value=\"extremo\">&nbsp;&nbsp;&nbsp;Extremo&nbsp;&nbsp;(1)<\/option>\n\t<option class=\"level-1\" value=\"familia\">&nbsp;&nbsp;&nbsp;Familia&nbsp;&nbsp;(8)<\/option>\n\t<option class=\"level-1\" value=\"nieve\">&nbsp;&nbsp;&nbsp;Nieve&nbsp;&nbsp;(1)<\/option>\n\t<option class=\"level-1\" value=\"observacion-de-fauna\">&nbsp;&nbsp;&nbsp;Observaci\u00f3n de fauna&nbsp;&nbsp;(11)<\/option>\n\t<option class=\"level-1\" value=\"birdwatching-es\">&nbsp;&nbsp;&nbsp;Birdwatching&nbsp;&nbsp;(4)<\/option>\n\t<option class=\"level-1\" value=\"senderismo\">&nbsp;&nbsp;&nbsp;Senderismo&nbsp;&nbsp;(7)<\/option>\n\t<option class=\"level-1\" value=\"viaje-ornitho\">&nbsp;&nbsp;&nbsp;Viaje ornitho&nbsp;&nbsp;(7)<\/option>\n\t<option class=\"level-1\" value=\"fin-de-semana\">&nbsp;&nbsp;&nbsp;Fin de semana&nbsp;&nbsp;(3)<\/option>\n\t<option class=\"level-0\" value=\"fotos\">Fotos&nbsp;&nbsp;(4)<\/option>\n<\/select>\n<i class=\"td-reindeer\"><\/i><\/div><\/div><div class=\"col-sm-2\"><div class=\"form-block__item form-block__field-width-icon\"><select name=\"tourtax[pa_destination]\" class=\"selectpicker\"><option value=\"\" selected=\"selected\">Destino<\/option><option value=\"andorra-es\">Andorra<\/option><option value=\"espana\">Espa\u00f1a<\/option><option value=\"estonia-es\">Estonia<\/option><\/select><i class=\"td-marker-location-1\"><\/i><\/div><\/div><div class=\"col-sm-2\"><div class=\"form-block__item form-block__field-width-icon\"><select name=\"tourtax[pa_dates]\" class=\"selectpicker\"><option value=\"\" selected=\"selected\">Per\u00edodo<\/option><option value=\"enero\">Enero<\/option><option value=\"febrero\">Febrero<\/option><option value=\"marzo\">Marzo<\/option><option value=\"abril\">Abril<\/option><option value=\"mayo\">Mayo<\/option><option value=\"junio\">Junio<\/option><option value=\"julio\">Julio<\/option><option value=\"agosto\">Agosto<\/option><option value=\"septiembre\">Septiembre<\/option><option value=\"octubre\">Octubre<\/option><\/select><i class=\"td-calendar\"><\/i><\/div><\/div><div class=\"col-sm-2\"><button type=\"submit\" class=\"atbtn atbtn--primary atbtn--full-width\">Buscar<\/button><\/div>\t<\/div><\/form>\n\t<\/div>\n\t<\/div>\n\n[vc_empty_space height=\u00bb40px\u00bb][\/vc_column][\/vc_row][vc_row][vc_column]<div id=\"swiper1\" class=\"atgrid margin-bottom-large\">\n<div class=\"title title--big title--center title--decoration-bottom-center\">\n\t\t\t<div class=\"title__subtitle\">Pr\u00f3ximas salidas:<\/div>\n\t\t<h3 class=\"title__primary\">Viajes destacados<\/h3>\n<\/div>\n\t<div class=\"atgrid__slider\">\n\t\t<div class=\"atgrid__slider__controls\">\n\t\t\t<a class=\"atgrid__slider__prev\" href=\"#\"><i class=\"fa fa-chevron-left\"><\/i><\/a>\n\t\t\t<a class=\"atgrid__slider__next\" href=\"#\"><i class=\"fa fa-chevron-right\"><\/i><\/a>\n\t\t<\/div>\n\n\t\t<div class=\"swiper-container swiper-slider atgrid__slider__container\">\n\t\t\t<div class=\"swiper-wrapper\">\n\t\t\t\t\t\t\t\t\t\t<div class=\"swiper-slide\">\n\t\t\t\t\t<div class=\"atgrid__item\">\n\t\t\t\t\t\t<div class=\"atgrid__item__top\">\n\t\t\t\t\t\t\t<a href=\"https:\/\/www.pirenalia.com\/es\/tours\/quebrantahuesos-con-oriol-alamany\/\" class=\"atgrid__item__top__image\"><img width=\"360\" height=\"240\" src=\"https:\/\/www.pirenalia.com\/wp-content\/uploads\/2017\/03\/EMad408-243-360x240.jpg\" class=\"attachment-thumb_tour_listing_small size-thumb_tour_listing_small wp-post-image\" alt=\"\" loading=\"lazy\" srcset=\"https:\/\/www.pirenalia.com\/wp-content\/uploads\/2017\/03\/EMad408-243-360x240.jpg 360w, https:\/\/www.pirenalia.com\/wp-content\/uploads\/2017\/03\/EMad408-243-300x200.jpg 300w, https:\/\/www.pirenalia.com\/wp-content\/uploads\/2017\/03\/EMad408-243-768x512.jpg 768w, https:\/\/www.pirenalia.com\/wp-content\/uploads\/2017\/03\/EMad408-243-531x354.jpg 531w, https:\/\/www.pirenalia.com\/wp-content\/uploads\/2017\/03\/EMad408-243.jpg 795w\" sizes=\"(max-width: 360px) 100vw, 360px\" \/><\/a>\t\t\t\t\t\t\t\t\t\t\t\t\t\t<div class=\"atgrid__item__price\"><a href=\"https:\/\/www.pirenalia.com\/es\/tours\/quebrantahuesos-con-oriol-alamany\/\" class=\"atgrid__item__price__button\"><span class=\"woocommerce-Price-amount amount\">495<span class=\"woocommerce-Price-currencySymbol\">&euro;<\/span><\/span><\/a><\/div>\t\t\t\t\t\t\t\t\t\t\t\t\t\t\t\t\t\t\t\t<\/div>\n\n\t\t\t\t\t\t<div class=\"atgrid__item__content\">\n\t\t\t\t\t\t\t<h3 class=\"atgrid__item__title\"><a href=\"https:\/\/www.pirenalia.com\/es\/tours\/quebrantahuesos-con-oriol-alamany\/\">Quebrantahuesos con Oriol Alamany<\/a><\/h3>\n\t\t\t\t\t\t\t\t\t\t\t\t\t<div class=\"atgrid__item__description\">del 30 de noviembre al 1 de diciembre<\/div>\n\t\t\t\t\t\t\t\t\t\t\t\t<\/div>\n\t\t\t\t\t\t<div class=\"item-attributes\">\n\t\t\t\t\t\t\t<div class=\"item-attributes__item\"><div class=\"item-attributes__item__content\"><div class=\"item-attributes__item__content__item\"><i class=\"td-marker-location-1\"><\/i><\/div><div class=\"item-attributes__item__content__item item-attributes__item__content__item--text\"><span>Espa\u00f1a<\/span><\/div><\/div><\/div><div class=\"item-attributes__item\"><div class=\"item-attributes__item__content\"><div class=\"item-attributes__item__content__item\"><i class=\"td-clock-1\"><\/i><\/div><div class=\"item-attributes__item__content__item item-attributes__item__content__item--text\"><span>3 d\u00edas<\/span><\/div><\/div><\/div>\t\t\t\t\t\t<\/div>\n\t\t\t\t\t<\/div>\n\t\t\t\t<\/div>\n\t\t\t\t\t\t\t\t\t\t<div class=\"swiper-slide\">\n\t\t\t\t\t<div class=\"atgrid__item\">\n\t\t\t\t\t\t<div class=\"atgrid__item__top\">\n\t\t\t\t\t\t\t<a href=\"https:\/\/www.pirenalia.com\/es\/tours\/grand-tetras-experiencia\/\" class=\"atgrid__item__top__image\"><img width=\"360\" height=\"240\" src=\"https:\/\/www.pirenalia.com\/wp-content\/uploads\/2017\/02\/01-360x240.jpg\" class=\"attachment-thumb_tour_listing_small size-thumb_tour_listing_small wp-post-image\" alt=\"\" loading=\"lazy\" srcset=\"https:\/\/www.pirenalia.com\/wp-content\/uploads\/2017\/02\/01-360x240.jpg 360w, https:\/\/www.pirenalia.com\/wp-content\/uploads\/2017\/02\/01-300x200.jpg 300w, https:\/\/www.pirenalia.com\/wp-content\/uploads\/2017\/02\/01-768x512.jpg 768w, https:\/\/www.pirenalia.com\/wp-content\/uploads\/2017\/02\/01-531x354.jpg 531w, https:\/\/www.pirenalia.com\/wp-content\/uploads\/2017\/02\/01.jpg 800w\" sizes=\"(max-width: 360px) 100vw, 360px\" \/><\/a>\t\t\t\t\t\t\t\t\t\t\t\t\t\t<div class=\"atgrid__item__price\"><a href=\"https:\/\/www.pirenalia.com\/es\/tours\/grand-tetras-experiencia\/\" class=\"atgrid__item__price__button\"><span class=\"woocommerce-Price-amount amount\">290<span class=\"woocommerce-Price-currencySymbol\">&euro;<\/span><\/span><\/a><\/div>\t\t\t\t\t\t\t\t\t\t\t\t\t\t\t\t\t\t\t\t<\/div>\n\n\t\t\t\t\t\t<div class=\"atgrid__item__content\">\n\t\t\t\t\t\t\t<h3 class=\"atgrid__item__title\"><a href=\"https:\/\/www.pirenalia.com\/es\/tours\/grand-tetras-experiencia\/\">Grand Tetras Experiencia<\/a><\/h3>\n\t\t\t\t\t\t\t\t\t\t\t\t\t<div class=\"atgrid__item__description\">entre el 1 de mayo al 31 de mayo<\/div>\n\t\t\t\t\t\t\t\t\t\t\t\t<\/div>\n\t\t\t\t\t\t<div class=\"item-attributes\">\n\t\t\t\t\t\t\t<div class=\"item-attributes__item\"><div class=\"item-attributes__item__content\"><div class=\"item-attributes__item__content__item\"><i class=\"td-marker-location-1\"><\/i><\/div><div class=\"item-attributes__item__content__item item-attributes__item__content__item--text\"><span>Andorra<\/span><\/div><\/div><\/div><div class=\"item-attributes__item\"><div class=\"item-attributes__item__content\"><div class=\"item-attributes__item__content__item\"><i class=\"td-clock-1\"><\/i><\/div><div class=\"item-attributes__item__content__item item-attributes__item__content__item--text\"><span>2 d\u00edas<\/span><\/div><\/div><\/div>\t\t\t\t\t\t<\/div>\n\t\t\t\t\t<\/div>\n\t\t\t\t<\/div>\n\t\t\t\t\t\t\t\t\t\t<div class=\"swiper-slide\">\n\t\t\t\t\t<div class=\"atgrid__item\">\n\t\t\t\t\t\t<div class=\"atgrid__item__top\">\n\t\t\t\t\t\t\t<a href=\"https:\/\/www.pirenalia.com\/es\/tours\/especial-fotografia-aves-miticas-del-pirineo\/\" class=\"atgrid__item__top__image\"><img width=\"360\" height=\"240\" src=\"https:\/\/www.pirenalia.com\/wp-content\/uploads\/2017\/02\/01-7-360x240.jpg\" class=\"attachment-thumb_tour_listing_small size-thumb_tour_listing_small wp-post-image\" alt=\"\" loading=\"lazy\" srcset=\"https:\/\/www.pirenalia.com\/wp-content\/uploads\/2017\/02\/01-7-360x240.jpg 360w, https:\/\/www.pirenalia.com\/wp-content\/uploads\/2017\/02\/01-7-300x200.jpg 300w, https:\/\/www.pirenalia.com\/wp-content\/uploads\/2017\/02\/01-7-768x512.jpg 768w, https:\/\/www.pirenalia.com\/wp-content\/uploads\/2017\/02\/01-7-531x354.jpg 531w, https:\/\/www.pirenalia.com\/wp-content\/uploads\/2017\/02\/01-7.jpg 800w\" sizes=\"(max-width: 360px) 100vw, 360px\" \/><\/a>\t\t\t\t\t\t\t\t\t\t\t\t\t\t<div class=\"atgrid__item__price\"><a href=\"https:\/\/www.pirenalia.com\/es\/tours\/especial-fotografia-aves-miticas-del-pirineo\/\" class=\"atgrid__item__price__button\"><span class=\"woocommerce-Price-amount amount\">1250<span class=\"woocommerce-Price-currencySymbol\">&euro;<\/span><\/span><\/a><\/div>\t\t\t\t\t\t\t\t\t\t\t\t\t\t\t\t\t\t\t\t<\/div>\n\n\t\t\t\t\t\t<div class=\"atgrid__item__content\">\n\t\t\t\t\t\t\t<h3 class=\"atgrid__item__title\"><a href=\"https:\/\/www.pirenalia.com\/es\/tours\/especial-fotografia-aves-miticas-del-pirineo\/\">Especial fotografia: aves miticas del pirineo<\/a><\/h3>\n\t\t\t\t\t\t\t\t\t\t\t\t\t<div class=\"atgrid__item__description\">Mes de mayo<\/div>\n\t\t\t\t\t\t\t\t\t\t\t\t<\/div>\n\t\t\t\t\t\t<div class=\"item-attributes\">\n\t\t\t\t\t\t\t<div class=\"item-attributes__item\"><div class=\"item-attributes__item__content\"><div class=\"item-attributes__item__content__item\"><i class=\"td-marker-location-1\"><\/i><\/div><div class=\"item-attributes__item__content__item item-attributes__item__content__item--text\"><span>Andorra, Espa\u00f1a<\/span><\/div><\/div><\/div><div class=\"item-attributes__item\"><div class=\"item-attributes__item__content\"><div class=\"item-attributes__item__content__item\"><i class=\"td-clock-1\"><\/i><\/div><div class=\"item-attributes__item__content__item item-attributes__item__content__item--text\"><span>6 d\u00edas<\/span><\/div><\/div><\/div>\t\t\t\t\t\t<\/div>\n\t\t\t\t\t<\/div>\n\t\t\t\t<\/div>\n\t\t\t\t\t\t\t\t\t\t<div class=\"swiper-slide\">\n\t\t\t\t\t<div class=\"atgrid__item\">\n\t\t\t\t\t\t<div class=\"atgrid__item__top\">\n\t\t\t\t\t\t\t<a href=\"https:\/\/www.pirenalia.com\/es\/tours\/primavera-salvaje-en-estonia\/\" class=\"atgrid__item__top__image\"><img width=\"360\" height=\"240\" src=\"https:\/\/www.pirenalia.com\/wp-content\/uploads\/2017\/02\/01-6-360x240.jpg\" class=\"attachment-thumb_tour_listing_small size-thumb_tour_listing_small wp-post-image\" alt=\"\" loading=\"lazy\" srcset=\"https:\/\/www.pirenalia.com\/wp-content\/uploads\/2017\/02\/01-6-360x240.jpg 360w, https:\/\/www.pirenalia.com\/wp-content\/uploads\/2017\/02\/01-6-300x200.jpg 300w, https:\/\/www.pirenalia.com\/wp-content\/uploads\/2017\/02\/01-6-768x512.jpg 768w, https:\/\/www.pirenalia.com\/wp-content\/uploads\/2017\/02\/01-6-531x354.jpg 531w, https:\/\/www.pirenalia.com\/wp-content\/uploads\/2017\/02\/01-6.jpg 800w\" sizes=\"(max-width: 360px) 100vw, 360px\" \/><\/a>\t\t\t\t\t\t\t\t\t\t\t\t\t\t<div class=\"atgrid__item__price\"><a href=\"https:\/\/www.pirenalia.com\/es\/tours\/primavera-salvaje-en-estonia\/\" class=\"atgrid__item__price__button\"><span class=\"woocommerce-Price-amount amount\">1300<span class=\"woocommerce-Price-currencySymbol\">&euro;<\/span><\/span><\/a><\/div>\t\t\t\t\t\t\t\t\t\t\t\t\t\t\t\t\t\t\t\t<\/div>\n\n\t\t\t\t\t\t<div class=\"atgrid__item__content\">\n\t\t\t\t\t\t\t<h3 class=\"atgrid__item__title\"><a href=\"https:\/\/www.pirenalia.com\/es\/tours\/primavera-salvaje-en-estonia\/\">Primavera salvaje en estonia<\/a><\/h3>\n\t\t\t\t\t\t\t\t\t\t\t\t\t<div class=\"atgrid__item__description\">15 de abril<\/div>\n\t\t\t\t\t\t\t\t\t\t\t\t<\/div>\n\t\t\t\t\t\t<div class=\"item-attributes\">\n\t\t\t\t\t\t\t<div class=\"item-attributes__item\"><div class=\"item-attributes__item__content\"><div class=\"item-attributes__item__content__item\"><i class=\"td-marker-location-1\"><\/i><\/div><div class=\"item-attributes__item__content__item item-attributes__item__content__item--text\"><span>Estonia<\/span><\/div><\/div><\/div><div class=\"item-attributes__item\"><div class=\"item-attributes__item__content\"><div class=\"item-attributes__item__content__item\"><i class=\"td-clock-1\"><\/i><\/div><div class=\"item-attributes__item__content__item item-attributes__item__content__item--text\"><span>7 d\u00edas<\/span><\/div><\/div><\/div>\t\t\t\t\t\t<\/div>\n\t\t\t\t\t<\/div>\n\t\t\t\t<\/div>\n\t\t\t\t\t\t\t\t\t\t<div class=\"swiper-slide\">\n\t\t\t\t\t<div class=\"atgrid__item\">\n\t\t\t\t\t\t<div class=\"atgrid__item__top\">\n\t\t\t\t\t\t\t<a href=\"https:\/\/www.pirenalia.com\/es\/tours\/aves-esteparicas-quebrantahuesos-y-buitres\/\" class=\"atgrid__item__top__image\"><img width=\"360\" height=\"240\" src=\"https:\/\/www.pirenalia.com\/wp-content\/uploads\/2017\/02\/01-5-360x240.jpg\" class=\"attachment-thumb_tour_listing_small size-thumb_tour_listing_small wp-post-image\" alt=\"\" loading=\"lazy\" srcset=\"https:\/\/www.pirenalia.com\/wp-content\/uploads\/2017\/02\/01-5-360x240.jpg 360w, https:\/\/www.pirenalia.com\/wp-content\/uploads\/2017\/02\/01-5-300x200.jpg 300w, https:\/\/www.pirenalia.com\/wp-content\/uploads\/2017\/02\/01-5-768x512.jpg 768w, https:\/\/www.pirenalia.com\/wp-content\/uploads\/2017\/02\/01-5-531x354.jpg 531w, https:\/\/www.pirenalia.com\/wp-content\/uploads\/2017\/02\/01-5.jpg 800w\" sizes=\"(max-width: 360px) 100vw, 360px\" \/><\/a>\t\t\t\t\t\t\t\t\t\t\t\t\t\t<div class=\"atgrid__item__price\"><a href=\"https:\/\/www.pirenalia.com\/es\/tours\/aves-esteparicas-quebrantahuesos-y-buitres\/\" class=\"atgrid__item__price__button\"><span class=\"woocommerce-Price-amount amount\">850<span class=\"woocommerce-Price-currencySymbol\">&euro;<\/span><\/span><\/a><\/div>\t\t\t\t\t\t\t\t\t\t\t\t\t\t\t\t\t\t\t\t<\/div>\n\n\t\t\t\t\t\t<div class=\"atgrid__item__content\">\n\t\t\t\t\t\t\t<h3 class=\"atgrid__item__title\"><a href=\"https:\/\/www.pirenalia.com\/es\/tours\/aves-esteparicas-quebrantahuesos-y-buitres\/\">Aves esteparicas<\/a><\/h3>\n\t\t\t\t\t\t\t\t\t\t\t\t\t<div class=\"atgrid__item__description\">Abril<\/div>\n\t\t\t\t\t\t\t\t\t\t\t\t<\/div>\n\t\t\t\t\t\t<div class=\"item-attributes\">\n\t\t\t\t\t\t\t<div class=\"item-attributes__item\"><div class=\"item-attributes__item__content\"><div class=\"item-attributes__item__content__item\"><i class=\"td-marker-location-1\"><\/i><\/div><div class=\"item-attributes__item__content__item item-attributes__item__content__item--text\"><span>Espa\u00f1a<\/span><\/div><\/div><\/div><div class=\"item-attributes__item\"><div class=\"item-attributes__item__content\"><div class=\"item-attributes__item__content__item\"><i class=\"td-clock-1\"><\/i><\/div><div class=\"item-attributes__item__content__item item-attributes__item__content__item--text\"><span>6 d\u00edas<\/span><\/div><\/div><\/div>\t\t\t\t\t\t<\/div>\n\t\t\t\t\t<\/div>\n\t\t\t\t<\/div>\n\t\t\t\t\t\t<\/div><!-- .swiper-wrapper -->\n\t\t<\/div><!-- .swiper-container -->\n\t<\/div><!-- .atgrid__slider  -->\n<\/div><!-- .atgrid -->\n[\/vc_column][\/vc_row][vc_row][vc_column width=\u00bb1\/2&#8243;]<div class=\"title title--big title--underline title--decoration-bottom-left\">\n\t\t<h3 class=\"title__primary\">Nuestro concepto<\/h3>\n<\/div>\n[vc_column_text]<\/p>\n<p style=\"text-align: justify;\"><strong>Pirenalia<\/strong> es una empresa dedicada tanto a descubrir el mundo animal como a la investigaci\u00f3n de la fauna salvaje. <strong>Urogallo, perdiz nival, pito negro, mochuelo boreal, rebeco, mufl\u00f3n, quebrantahuesos, cabra ib\u00e9rica y gato mont\u00e9s,<\/strong>\u00a0 son algunas de las especies m\u00e1s emblem\u00e1ticas conocidas y estudiadas por nuestros especialistas.<br \/>\nOfrecemos salidas organizadas que les llevar\u00e1n a descubrir regiones aun salvajes donde numerosas especies viven a\u00fan en un h\u00e1bitat de calidad.<br \/>\nLos destinos de nuestros viajes est\u00e1n ligados a los cambios de las estaciones: reproducci\u00f3n, hibernadas&#8230;nos basamos en estos par\u00e1metros para garantizar el mayor \u00e9xito y la mayor calidad en nuestras observaciones de aves.<br \/>\n<strong>Si sois ornit\u00f3logos, naturalista o aventureros,<\/strong> no os lo pens\u00e9is, \u00a1nuestros safaris est\u00e1n hechos para vosotros!<\/p>\n<p>[\/vc_column_text][vc_btn title=\u00bbM\u00e1s informaci\u00f3n sobre nosotros&#8230;\u00bb align=\u00bbleft\u00bb link=\u00bburl:%2Fes%2Fequipo%2F|||\u00bb][vc_empty_space height=\u00bb60px\u00bb][\/vc_column][vc_column width=\u00bb1\/2&#8243;][vc_empty_space height=\u00bb60px\u00bb][vc_single_image image=\u00bb1364&#8243; img_size=\u00bbfull\u00bb][\/vc_column][\/vc_row][vc_row full_width=\u00bbstretch_row\u00bb css=\u00bb.vc_custom_1488026587791{background-color: #ffffff !important;}\u00bb][vc_column css=\u00bb.vc_custom_1488026491291{background-color: #ffffff !important;}\u00bb]<div id=\"swiper2\" class=\"tours-type\">\n\t<div class=\"title title--big title--center title--underline title--decoration-bottom-center\">\n\t\t\t<div class=\"title__subtitle\">Nuestros viajes<\/div>\n\t\t<h3 class=\"title__primary\">por destinos<\/h3>\n<\/div>\n\t<div class=\"tours-type__slider\">\n\t\t<div class=\"tours-type__slider__controls\">\n\t\t\t<a class=\"tours-type__slider__prev\" href=\"#\"><i class=\"fa fa-chevron-left\"><\/i><\/a>\n\t\t\t<a class=\"tours-type__slider__next\" href=\"#\"><i class=\"fa fa-chevron-right\"><\/i><\/a>\n\t\t<\/div>\n\n\t\t<div class=\"swiper-container swiper-slider\">\n\t\t\t<div class=\"swiper-wrapper\">\n\t\t\t\t\t\t\t\t\t\t\t<div class=\"swiper-slide tours-type__item\">\n\t\t\t\t\t<a href=\"https:\/\/www.pirenalia.com\/es\/tour-category\/andorra-es\/\" class=\"tours-type__item__image\"><img src=\"https:\/\/www.pirenalia.com\/wp-content\/uploads\/2017\/03\/andorra-1-531x354.jpg\" alt=\"Andorra\" width=\"531\" height=\"354\" \/><\/a>\n\t\t\t\t\t<div class=\"tours-type__item__title\">Andorra<\/div>\n\t\t\t\t<\/div>\n\t\t\t\t\t\t\t\t\t\t\t<div class=\"swiper-slide tours-type__item\">\n\t\t\t\t\t<a href=\"https:\/\/www.pirenalia.com\/es\/tour-category\/espana\/\" class=\"tours-type__item__image\"><img src=\"https:\/\/www.pirenalia.com\/wp-content\/uploads\/2017\/03\/espana-1-531x354.jpg\" alt=\"Espa\u00f1a\" width=\"531\" height=\"354\" \/><\/a>\n\t\t\t\t\t<div class=\"tours-type__item__title\">Espa\u00f1a<\/div>\n\t\t\t\t<\/div>\n\t\t\t\t\t\t\t\t\t\t\t<div class=\"swiper-slide tours-type__item\">\n\t\t\t\t\t<a href=\"https:\/\/www.pirenalia.com\/es\/tour-category\/estonia-es\/\" class=\"tours-type__item__image\"><img src=\"https:\/\/www.pirenalia.com\/wp-content\/uploads\/2017\/03\/estonia-1-531x354.jpg\" alt=\"Estonia\" width=\"531\" height=\"354\" \/><\/a>\n\t\t\t\t\t<div class=\"tours-type__item__title\">Estonia<\/div>\n\t\t\t\t<\/div>\n\t\t\t\t\t\t<\/div>\n\t\t<\/div>\n\t<\/div>\n<\/div>\n[vc_empty_space height=\u00bb60px\u00bb][\/vc_column][\/vc_row][vc_row][vc_column]<div class=\"title title--center title--underline title--decoration-bottom-center\">\n\t\t\t<div class=\"title__subtitle\">Los \u00faltimos art\u00edculos<\/div>\n\t\t<h3 class=\"title__primary\">Del nuestro blog<\/h3>\n<\/div>\n[\/vc_column][vc_column width=\u00bb1\/2&#8243;]<div class=\"last-posts\">\n\t\t<div class=\"last-posts__item last-posts__item--with-images\">\n\t\t<div class=\"last-posts__item__container\">\n\t\t<a href=\"https:\/\/www.pirenalia.com\/es\/gallocanta\/\" class=\"last-posts__item__image-wrap\"><img width=\"531\" height=\"354\" src=\"https:\/\/www.pirenalia.com\/wp-content\/uploads\/2020\/02\/EMad296-31-1.jpg\" class=\"attachment-thumb_last_posts_shortcode size-thumb_last_posts_shortcode wp-post-image\" alt=\"\" loading=\"lazy\" srcset=\"https:\/\/www.pirenalia.com\/wp-content\/uploads\/2020\/02\/EMad296-31-1.jpg 531w, https:\/\/www.pirenalia.com\/wp-content\/uploads\/2020\/02\/EMad296-31-1-300x200.jpg 300w\" sizes=\"(max-width: 531px) 100vw, 531px\" \/><\/a>\t\t\t<div class=\"last-posts__item__content\">\n\t\t\t\t<h3 class=\"last-posts__item__title\"><a href=\"https:\/\/www.pirenalia.com\/es\/gallocanta\/\">Gallocanta<\/a><\/h3>\n\t\t\t\t<div class=\"last-posts__item__description\">La laguna salada m\u00e1s grande de Europa es una de las etapas de la gran migraci\u00f3n de las grullas. Hasta 100.000 ejemplares se pueden agrupar<\/div>\n\t\t\t\t<a href=\"https:\/\/www.pirenalia.com\/es\/gallocanta\/\" class=\"atbtn atbtn--small\">Mas info<\/a>\n\t\t\t<\/div>\n\t\t<\/div>\n\t<\/div>\n\t<\/div>\n[\/vc_column][vc_column width=\u00bb1\/2&#8243;]<div class=\"last-posts\">\n\t\t<div class=\"last-posts__item last-posts__item--with-images\">\n\t\t<div class=\"last-posts__item__container\">\n\t\t<a href=\"https:\/\/www.pirenalia.com\/es\/un-pais-en-los-pirineos\/\" class=\"last-posts__item__image-wrap\"><img width=\"531\" height=\"354\" src=\"https:\/\/www.pirenalia.com\/wp-content\/uploads\/2019\/03\/polar-experienece3_0002_Calque-3-531x354.jpg\" class=\"attachment-thumb_last_posts_shortcode size-thumb_last_posts_shortcode wp-post-image\" alt=\"\" loading=\"lazy\" srcset=\"https:\/\/www.pirenalia.com\/wp-content\/uploads\/2019\/03\/polar-experienece3_0002_Calque-3-531x354.jpg 531w, https:\/\/www.pirenalia.com\/wp-content\/uploads\/2019\/03\/polar-experienece3_0002_Calque-3-531x354-300x200.jpg 300w\" sizes=\"(max-width: 531px) 100vw, 531px\" \/><\/a>\t\t\t<div class=\"last-posts__item__content\">\n\t\t\t\t<h3 class=\"last-posts__item__title\"><a href=\"https:\/\/www.pirenalia.com\/es\/un-pais-en-los-pirineos\/\">Un pa\u00eds en los Pirineos<\/a><\/h3>\n\t\t\t\t<div class=\"last-posts__item__description\">La reputaci\u00f3n de Andorra viene otorgada por el boca a boca de la gente: ciertamente, los centros comerciales y las pistas de esqu\u00ed son un<\/div>\n\t\t\t\t<a href=\"https:\/\/www.pirenalia.com\/es\/un-pais-en-los-pirineos\/\" class=\"atbtn atbtn--small\">Mas info<\/a>\n\t\t\t<\/div>\n\t\t<\/div>\n\t<\/div>\n\t<\/div>\n[\/vc_column][\/vc_row][vc_row][vc_column][vc_empty_space height=\u00bb90px\u00bb][\/vc_column][\/vc_row]<\/p>\n","protected":false},"excerpt":{"rendered":"<p>[vc_row][vc_column][vc_empty_space height=\u00bb40px\u00bb][\/vc_column][\/vc_row][vc_row][vc_column][\/vc_column][\/vc_row][vc_row][vc_column width=\u00bb1\/2&#8243;][vc_column_text] Pirenalia es una empresa dedicada tanto a descubrir el mundo animal como a la investigaci\u00f3n de la fauna salvaje. Urogallo, perdiz nival, pito negro, mochuelo boreal, rebeco, mufl\u00f3n, quebrantahuesos, cabra ib\u00e9rica y gato mont\u00e9s,\u00a0 son algunas de las especies m\u00e1s emblem\u00e1ticas conocidas y estudiadas por nuestros especialistas. Ofrecemos salidas organizadas que les<\/p>\n<div class=\"padding-top text-center\"><a href=\"https:\/\/www.pirenalia.com\/es\/tours\/aves-esteparicas-quebrantahuesos-y-buitres\/\" class=\"atbtn atbtn--medium atbtn--rounded atbtn--transparent\">+ info<i class=\"atbtn__icon atbtn__icon--right fa fa-long-arrow-right\"><\/i><\/a><\/div>\n","protected":false},"author":3,"featured_media":0,"parent":0,"menu_order":0,"comment_status":"open","ping_status":"closed","template":"","meta":[],"_links":{"self":[{"href":"https:\/\/www.pirenalia.com\/es\/wp-json\/wp\/v2\/pages\/150"}],"collection":[{"href":"https:\/\/www.pirenalia.com\/es\/wp-json\/wp\/v2\/pages"}],"about":[{"href":"https:\/\/www.pirenalia.com\/es\/wp-json\/wp\/v2\/types\/page"}],"author":[{"embeddable":true,"href":"https:\/\/www.pirenalia.com\/es\/wp-json\/wp\/v2\/users\/3"}],"replies":[{"embeddable":true,"href":"https:\/\/www.pirenalia.com\/es\/wp-json\/wp\/v2\/comments?post=150"}],"version-history":[{"count":56,"href":"https:\/\/www.pirenalia.com\/es\/wp-json\/wp\/v2\/pages\/150\/revisions"}],"predecessor-version":[{"id":3323,"href":"https:\/\/www.pirenalia.com\/es\/wp-json\/wp\/v2\/pages\/150\/revisions\/3323"}],"wp:attachment":[{"href":"https:\/\/www.pirenalia.com\/es\/wp-json\/wp\/v2\/media?parent=150"}],"curies":[{"name":"wp","href":"https:\/\/api.w.org\/{rel}","templated":true}]}}